{"id":6737,"date":"2021-07-16T13:24:32","date_gmt":"2021-07-16T17:24:32","guid":{"rendered":"https:\/\/aofimmigrationcanada.com\/evaluacion-de-la-inmigracion\/"},"modified":"2024-10-18T15:15:54","modified_gmt":"2024-10-18T19:15:54","slug":"evaluacion-de-la-inmigracion","status":"publish","type":"page","link":"https:\/\/aofimmigrationcanada.com\/es\/evaluacion-de-la-inmigracion\/","title":{"rendered":"Evaluaci\u00f3n de la inmigraci\u00f3n"},"content":{"rendered":"\t\t<div data-elementor-type=\"wp-page\" data-elementor-id=\"6737\" class=\"elementor elementor-6737 elementor-2549\">\n\t\t\t\t\t\t<section class=\"elementor-section elementor-top-section elementor-element elementor-element-1af0334 elementor-section-boxed elementor-section-height-default elementor-section-height-default\" data-id=\"1af0334\" data-element_type=\"section\" data-settings=\"{&quot;background_background&quot;:&quot;classic&quot;}\">\n\t\t\t\t\t\t\t<div class=\"elementor-background-overlay\"><\/div>\n\t\t\t\t\t\t\t<div class=\"elementor-container elementor-column-gap-no\">\n\t\t\t\t\t<div class=\"elementor-column elementor-col-100 elementor-top-column elementor-element elementor-element-0af3c4a\" data-id=\"0af3c4a\" data-element_type=\"column\">\n\t\t\t<div class=\"elementor-widget-wrap elementor-element-populated\">\n\t\t\t\t\t\t<div class=\"elementor-element elementor-element-2cc50b4 elementor-widget elementor-widget-heading\" data-id=\"2cc50b4\" data-element_type=\"widget\" data-widget_type=\"heading.default\">\n\t\t\t\t<div class=\"elementor-widget-container\">\n\t\t\t\t\t<h5 class=\"elementor-heading-title elementor-size-default\">Valide su perfil <br>por nuestros expertos<\/h5>\t\t\t\t<\/div>\n\t\t\t\t<\/div>\n\t\t\t\t<div class=\"elementor-element elementor-element-43462ea elementor-widget elementor-widget-heading\" data-id=\"43462ea\" data-element_type=\"widget\" data-widget_type=\"heading.default\">\n\t\t\t\t<div class=\"elementor-widget-container\">\n\t\t\t\t\t<h1 class=\"elementor-heading-title elementor-size-default\">Evaluaci\u00f3n del perfil<\/h1>\t\t\t\t<\/div>\n\t\t\t\t<\/div>\n\t\t\t\t\t<\/div>\n\t\t<\/div>\n\t\t\t\t\t<\/div>\n\t\t<\/section>\n\t\t\t\t<section class=\"elementor-section elementor-top-section elementor-element elementor-element-4de8adf elementor-section-boxed elementor-section-height-default elementor-section-height-default\" data-id=\"4de8adf\" data-element_type=\"section\">\n\t\t\t\t\t\t<div class=\"elementor-container elementor-column-gap-default\">\n\t\t\t\t\t<div class=\"elementor-column elementor-col-100 elementor-top-column elementor-element elementor-element-665bf04\" data-id=\"665bf04\" data-element_type=\"column\">\n\t\t\t<div class=\"elementor-widget-wrap elementor-element-populated\">\n\t\t\t\t\t\t<div class=\"elementor-element elementor-element-23d1355a elementor-widget elementor-widget-text-editor\" data-id=\"23d1355a\" data-element_type=\"widget\" data-widget_type=\"text-editor.default\">\n\t\t\t\t<div class=\"elementor-widget-container\">\n\t\t\t\t\t\t\t\t\t<h2>Determinar su admisibilidad<\/h2><h4>\u00bfTrabajadores cualificados o estudiantes?<\/h4><p>\u00a0<\/p>\t\t\t\t\t\t\t\t<\/div>\n\t\t\t\t<\/div>\n\t\t\t\t\t<\/div>\n\t\t<\/div>\n\t\t\t\t\t<\/div>\n\t\t<\/section>\n\t\t\t\t<section class=\"elementor-section elementor-top-section elementor-element elementor-element-93d2c7f elementor-section-boxed elementor-section-height-default elementor-section-height-default\" data-id=\"93d2c7f\" data-element_type=\"section\">\n\t\t\t\t\t\t\t<div class=\"elementor-background-overlay\"><\/div>\n\t\t\t\t\t\t\t<div class=\"elementor-container elementor-column-gap-default\">\n\t\t\t\t\t<div class=\"elementor-column elementor-col-100 elementor-top-column elementor-element elementor-element-eba9fee\" data-id=\"eba9fee\" data-element_type=\"column\">\n\t\t\t<div class=\"elementor-widget-wrap elementor-element-populated\">\n\t\t\t\t\t\t<div class=\"elementor-element elementor-element-bd0b450 elementor-widget elementor-widget-shortcode\" data-id=\"bd0b450\" data-element_type=\"widget\" data-widget_type=\"shortcode.default\">\n\t\t\t\t<div class=\"elementor-widget-container\">\n\t\t\t\t\t\t\t<div class=\"elementor-shortcode\">\n<div class=\"wpcf7 no-js\" id=\"wpcf7-f6824-o1\" lang=\"es-ES\" dir=\"ltr\" data-wpcf7-id=\"6824\">\n<div class=\"screen-reader-response\"><p role=\"status\" aria-live=\"polite\" aria-atomic=\"true\"><\/p> <ul><\/ul><\/div>\n<form action=\"\/es\/wp-json\/wp\/v2\/pages\/6737#wpcf7-f6824-o1\" method=\"post\" class=\"wpcf7-form init\" aria-label=\"Formulario de contacto\" enctype=\"multipart\/form-data\" novalidate=\"novalidate\" data-status=\"init\">\n<fieldset class=\"hidden-fields-container\"><input type=\"hidden\" name=\"_wpcf7\" value=\"6824\" \/><input type=\"hidden\" name=\"_wpcf7_version\" value=\"6.1.4\" \/><input type=\"hidden\" name=\"_wpcf7_locale\" value=\"es_ES\" \/><input type=\"hidden\" name=\"_wpcf7_unit_tag\" value=\"wpcf7-f6824-o1\" \/><input type=\"hidden\" name=\"_wpcf7_container_post\" value=\"0\" \/><input type=\"hidden\" name=\"_wpcf7_posted_data_hash\" value=\"\" \/><input type=\"hidden\" name=\"_wpcf7_recaptcha_response\" value=\"\" \/>\n<\/fieldset>\n<p>Toda la informaci\u00f3n facilitada es confidencial y s\u00f3lo se utilizar\u00e1 para determinar el programa m\u00e1s adecuado para su perfil y su proyecto de inmigraci\u00f3n.\n<\/p>\n<hr \/>\n<h1>Informaci\u00f3n personal\n<\/h1>\n<p><span class=\"wpcf7-form-control-wrap\" data-name=\"Parqueltypedimmigrationtesvousintress\"><span class=\"wpcf7-form-control wpcf7-radio\"><span class=\"wpcf7-list-item first\"><label><input type=\"radio\" name=\"Parqueltypedimmigrationtesvousintress\" value=\"Estudios\" checked=\"checked\" \/><span class=\"wpcf7-list-item-label\">Estudios<\/span><\/label><\/span><span class=\"wpcf7-list-item\"><label><input type=\"radio\" name=\"Parqueltypedimmigrationtesvousintress\" value=\"Trabajo\" \/><span class=\"wpcf7-list-item-label\">Trabajo<\/span><\/label><\/span><span class=\"wpcf7-list-item last\"><label><input type=\"radio\" name=\"Parqueltypedimmigrationtesvousintress\" value=\"Visa de visitante\" \/><span class=\"wpcf7-list-item-label\">Visa de visitante<\/span><\/label><\/span><\/span><\/span><br \/>\n<span class=\"wpcf7-form-control-wrap\" data-name=\"nom\"><input size=\"40\" maxlength=\"400\" class=\"wpcf7-form-control wpcf7-text wpcf7-validates-as-required\" aria-required=\"true\" aria-invalid=\"false\" placeholder=\"Nombre*\" value=\"\" type=\"text\" name=\"nom\" \/><\/span><br \/>\n<span class=\"wpcf7-form-control-wrap\" data-name=\"Prnom\"><input size=\"40\" maxlength=\"400\" class=\"wpcf7-form-control wpcf7-text wpcf7-validates-as-required\" aria-required=\"true\" aria-invalid=\"false\" placeholder=\"Apellidos*\" value=\"\" type=\"text\" name=\"Prnom\" \/><\/span><br \/>\n<span class=\"wpcf7-form-control-wrap\" data-name=\"Datedenaissance\"><input class=\"wpcf7-form-control wpcf7-date wpcf7-validates-as-required wpcf7-validates-as-date\" aria-required=\"true\" aria-invalid=\"false\" placeholder=\"Fecha de nacimiento*\" value=\"\" type=\"date\" name=\"Datedenaissance\" \/><\/span><br \/>\n<span class=\"wpcf7-form-control-wrap\" data-name=\"Genre\"><span class=\"wpcf7-form-control wpcf7-radio\"><span class=\"wpcf7-list-item first\"><label><input type=\"radio\" name=\"Genre\" value=\"Hombre\" checked=\"checked\" \/><span class=\"wpcf7-list-item-label\">Hombre<\/span><\/label><\/span><span class=\"wpcf7-list-item last\"><label><input type=\"radio\" name=\"Genre\" value=\"Mujer\" \/><span class=\"wpcf7-list-item-label\">Mujer<\/span><\/label><\/span><\/span><\/span><br \/>\n<span class=\"wpcf7-form-control-wrap\" data-name=\"tatcivil\"><span class=\"wpcf7-form-control wpcf7-radio\"><span class=\"wpcf7-list-item first\"><label><input type=\"radio\" name=\"tatcivil\" value=\"Soltero(a)\" checked=\"checked\" \/><span class=\"wpcf7-list-item-label\">Soltero(a)<\/span><\/label><\/span><span class=\"wpcf7-list-item\"><label><input type=\"radio\" name=\"tatcivil\" value=\"Casado(a)\" \/><span class=\"wpcf7-list-item-label\">Casado(a)<\/span><\/label><\/span><span class=\"wpcf7-list-item last\"><label><input type=\"radio\" name=\"tatcivil\" value=\"Viudo(a)\" \/><span class=\"wpcf7-list-item-label\">Viudo(a)<\/span><\/label><\/span><\/span><\/span><br \/>\n<span class=\"wpcf7-form-control-wrap\" data-name=\"Email\"><input size=\"40\" maxlength=\"400\" class=\"wpcf7-form-control wpcf7-email wpcf7-validates-as-required wpcf7-text wpcf7-validates-as-email\" aria-required=\"true\" aria-invalid=\"false\" placeholder=\"Direcci\u00f3n de correo electr\u00f3nico\" value=\"\" type=\"email\" name=\"Email\" \/><\/span><br \/>\n<span class=\"wpcf7-form-control-wrap\" data-name=\"Numerodetlphone\"><input size=\"40\" maxlength=\"400\" class=\"wpcf7-form-control wpcf7-tel wpcf7-text wpcf7-validates-as-tel\" aria-invalid=\"false\" placeholder=\"N\u00famero de tel\u00e9fono\" value=\"\" type=\"tel\" name=\"Numerodetlphone\" \/><\/span><br \/>\n<span class=\"wpcf7-form-control-wrap\" data-name=\"Adressepersonnelle\"><textarea cols=\"40\" rows=\"10\" maxlength=\"2000\" class=\"wpcf7-form-control wpcf7-textarea\" aria-invalid=\"false\" placeholder=\"Direcci\u00f3n personal\" name=\"Adressepersonnelle\"><\/textarea><\/span><br \/>\n<hr \/>\n<\/p>\n<h1>Informaci\u00f3n profesional\n<\/h1>\n<p><span class=\"wpcf7-form-control-wrap\" data-name=\"Profession\"><input size=\"40\" maxlength=\"400\" class=\"wpcf7-form-control wpcf7-text wpcf7-validates-as-required\" aria-required=\"true\" aria-invalid=\"false\" placeholder=\"Profesi\u00f3n\" value=\"\" type=\"text\" name=\"Profession\" \/><\/span><br \/>\n<span class=\"wpcf7-form-control-wrap\" data-name=\"Niveaudtudes\"><input size=\"40\" maxlength=\"400\" class=\"wpcf7-form-control wpcf7-text wpcf7-validates-as-required\" aria-required=\"true\" aria-invalid=\"false\" placeholder=\"Nivel de estudios\" value=\"\" type=\"text\" name=\"Niveaudtudes\" \/><\/span><br \/>\n<span class=\"wpcf7-form-control-wrap\" data-name=\"Plushautdiplmeobtenu\"><input size=\"40\" maxlength=\"400\" class=\"wpcf7-form-control wpcf7-text wpcf7-validates-as-required\" aria-required=\"true\" aria-invalid=\"false\" placeholder=\"Grado m\u00e1s alto obtenido\" value=\"\" type=\"text\" name=\"Plushautdiplmeobtenu\" \/><\/span><br \/>\n<span class=\"wpcf7-form-control-wrap\" data-name=\"Nombredannesdexpriencedetravail\"><span class=\"wpcf7-form-control wpcf7-radio\"><span class=\"wpcf7-list-item first\"><label><input type=\"radio\" name=\"Nombredannesdexpriencedetravail\" value=\"&gt; 1 a\u00f1o\" checked=\"checked\" \/><span class=\"wpcf7-list-item-label\">&gt; 1 a\u00f1o<\/span><\/label><\/span><span class=\"wpcf7-list-item\"><label><input type=\"radio\" name=\"Nombredannesdexpriencedetravail\" value=\"1 a 2 a\u00f1o\" \/><span class=\"wpcf7-list-item-label\">1 a 2 a\u00f1o<\/span><\/label><\/span><span class=\"wpcf7-list-item\"><label><input type=\"radio\" name=\"Nombredannesdexpriencedetravail\" value=\"2 a 5 a\u00f1o\" \/><span class=\"wpcf7-list-item-label\">2 a 5 a\u00f1o<\/span><\/label><\/span><span class=\"wpcf7-list-item last\"><label><input type=\"radio\" name=\"Nombredannesdexpriencedetravail\" value=\"&gt; 5 a\u00f1o\" \/><span class=\"wpcf7-list-item-label\">&gt; 5 a\u00f1o<\/span><\/label><\/span><\/span><\/span>\n<\/p>\n<p> Nivel de franc\u00e9s\n<\/p>\n<p><span class=\"wpcf7-form-control-wrap\" data-name=\"NiveauenFranais\"><span class=\"wpcf7-form-control wpcf7-checkbox\"><span class=\"wpcf7-list-item first\"><label><input type=\"checkbox\" name=\"NiveauenFranais[]\" value=\"Hablado\" \/><span class=\"wpcf7-list-item-label\">Hablado<\/span><\/label><\/span><span class=\"wpcf7-list-item\"><label><input type=\"checkbox\" name=\"NiveauenFranais[]\" value=\"Escrito\" \/><span class=\"wpcf7-list-item-label\">Escrito<\/span><\/label><\/span><span class=\"wpcf7-list-item\"><label><input type=\"checkbox\" name=\"NiveauenFranais[]\" value=\"Le\u00eddo\" \/><span class=\"wpcf7-list-item-label\">Le\u00eddo<\/span><\/label><\/span><span class=\"wpcf7-list-item last\"><label><input type=\"checkbox\" name=\"NiveauenFranais[]\" value=\"Escuchado\" \/><span class=\"wpcf7-list-item-label\">Escuchado<\/span><\/label><\/span><\/span><\/span>\n<\/p>\n<p> Nivel de ingl\u00e9s\n<\/p>\n<p><span class=\"wpcf7-form-control-wrap\" data-name=\"NiveauenAnglais\"><span class=\"wpcf7-form-control wpcf7-checkbox\"><span class=\"wpcf7-list-item first\"><label><input type=\"checkbox\" name=\"NiveauenAnglais[]\" value=\"Hablado\" \/><span class=\"wpcf7-list-item-label\">Hablado<\/span><\/label><\/span><span class=\"wpcf7-list-item\"><label><input type=\"checkbox\" name=\"NiveauenAnglais[]\" value=\"Escrito\" \/><span class=\"wpcf7-list-item-label\">Escrito<\/span><\/label><\/span><span class=\"wpcf7-list-item\"><label><input type=\"checkbox\" name=\"NiveauenAnglais[]\" value=\"Le\u00eddo\" \/><span class=\"wpcf7-list-item-label\">Le\u00eddo<\/span><\/label><\/span><span class=\"wpcf7-list-item last\"><label><input type=\"checkbox\" name=\"NiveauenAnglais[]\" value=\"Escuchado\" \/><span class=\"wpcf7-list-item-label\">Escuchado<\/span><\/label><\/span><\/span><\/span><br \/>\n<hr \/>\n<\/p>\n<h1>Informaci\u00f3n sobre la solicitud anterior\n<\/h1>\n<p>\u00bfLe han denegado alguna vez una solicitud de permiso de estudios en Canad\u00e1? En caso afirmativo, especifique el a\u00f1o y env\u00edenos la carta de denegaci\u00f3n. A\u00f1ada cualquier otro detalle pertinente.\n<\/p>\n<p><span class=\"wpcf7-form-control-wrap\" data-name=\"demande-etude\"><textarea cols=\"40\" rows=\"10\" maxlength=\"2000\" class=\"wpcf7-form-control wpcf7-textarea\" aria-invalid=\"false\" name=\"demande-etude\"><\/textarea><\/span>\n<\/p>\n<p>\u00bfLe han denegado alguna vez un permiso de trabajo en Canad\u00e1? En caso afirmativo, especifique el a\u00f1o y env\u00edenos la carta de denegaci\u00f3n. A\u00f1ada cualquier otro detalle pertinente.\n<\/p>\n<p><span class=\"wpcf7-form-control-wrap\" data-name=\"demande-travail\"><textarea cols=\"40\" rows=\"10\" maxlength=\"2000\" class=\"wpcf7-form-control wpcf7-textarea\" aria-invalid=\"false\" name=\"demande-travail\"><\/textarea><\/span>\n<\/p>\n<p>\u00bfLe han denegado alguna vez un visado de visitante a Canad\u00e1? En caso afirmativo, especifique el a\u00f1o y env\u00edenos la carta de denegaci\u00f3n. A\u00f1ada cualquier otro detalle pertinente.\n<\/p>\n<p><span class=\"wpcf7-form-control-wrap\" data-name=\"demande-visiteur\"><textarea cols=\"40\" rows=\"10\" maxlength=\"2000\" class=\"wpcf7-form-control wpcf7-textarea\" aria-invalid=\"false\" name=\"demande-visiteur\"><\/textarea><\/span>\n<\/p>\n<p>\u00bfHa solicitado alguna vez un CAQ? En caso afirmativo, \u00bfqu\u00e9 decisi\u00f3n se ha tomado al respecto?\n<\/p>\n<p><span class=\"wpcf7-form-control-wrap\" data-name=\"demande-CAQ\"><textarea cols=\"40\" rows=\"10\" maxlength=\"2000\" class=\"wpcf7-form-control wpcf7-textarea\" aria-invalid=\"false\" name=\"demande-CAQ\"><\/textarea><\/span>\n<\/p>\n<p>\u00bfAlguna vez ha permanecido en Canad\u00e1 despu\u00e9s de que expirara su estatuto, ha asistido a la escuela sin permiso de estudios en Canad\u00e1, ha trabajado sin permiso de trabajo en Canad\u00e1?\n<\/p>\n<p><span class=\"wpcf7-form-control-wrap\" data-name=\"sejournauCanada\"><textarea cols=\"40\" rows=\"10\" maxlength=\"2000\" class=\"wpcf7-form-control wpcf7-textarea\" aria-invalid=\"false\" name=\"sejournauCanada\"><\/textarea><\/span>\n<\/p>\n<p>\u00bfHa presentado ya su candidatura a plataformas como Arrima o Express Entry?\n<\/p>\n<p><span class=\"wpcf7-form-control-wrap\" data-name=\"ExpressEntry\"><textarea cols=\"40\" rows=\"10\" maxlength=\"2000\" class=\"wpcf7-form-control wpcf7-textarea\" aria-invalid=\"false\" name=\"ExpressEntry\"><\/textarea><\/span>\n<\/p>\n<p>\u00bfHa presentado alguna vez una solicitud de asilo en Canad\u00e1 o en una oficina de visados canadiense en el extranjero, en otro u otros pa\u00edses, o en el Alto Comisionado de las Naciones Unidas para los Refugiados (ACNUR)? En caso afirmativo, especifique el pa\u00eds.\n<\/p>\n<p><span class=\"wpcf7-form-control-wrap\" data-name=\"demandedasile\"><textarea cols=\"40\" rows=\"10\" maxlength=\"2000\" class=\"wpcf7-form-control wpcf7-textarea wpcf7-validates-as-required\" aria-required=\"true\" aria-invalid=\"false\" name=\"demandedasile\"><\/textarea><\/span>\n<\/p>\n<p>\u00bfLe han denegado alguna vez un visado, permiso o entrada en un pa\u00eds o le han ordenado salir de un pa\u00eds distinto de Canad\u00e1?\n<\/p>\n<p><span class=\"wpcf7-form-control-wrap\" data-name=\"refusentree\"><textarea cols=\"40\" rows=\"10\" maxlength=\"2000\" class=\"wpcf7-form-control wpcf7-textarea wpcf7-validates-as-required\" aria-required=\"true\" aria-invalid=\"false\" name=\"refusentree\"><\/textarea><\/span>\n<\/p>\n<p>\u00bfHa estudiado o trabajado alguna vez en Canad\u00e1 o Estados Unidos? En caso afirmativo, facilite tantos detalles como sea posible.\n<\/p>\n<p><span class=\"wpcf7-form-control-wrap\" data-name=\"tudioutravaill\"><textarea cols=\"40\" rows=\"10\" maxlength=\"2000\" class=\"wpcf7-form-control wpcf7-textarea wpcf7-validates-as-required\" aria-required=\"true\" aria-invalid=\"false\" placeholder=\"\u00e9tudi\u00e9 ou travaill\u00e9 au Canada ou aux \u00c9tats-Unis ?\" name=\"tudioutravaill\"><\/textarea><\/span>\n<\/p>\n<p>\u00bfHa solicitado alguna vez la inmigraci\u00f3n o viajar a EE.UU.? Si su solicitud ha sido denegada, indique el motivo de la denegaci\u00f3n.\n<\/p>\n<p><span class=\"wpcf7-form-control-wrap\" data-name=\"tats-Unis\"><textarea cols=\"40\" rows=\"10\" maxlength=\"2000\" class=\"wpcf7-form-control wpcf7-textarea wpcf7-validates-as-required\" aria-required=\"true\" aria-invalid=\"false\" name=\"tats-Unis\"><\/textarea><\/span>\n<\/p>\n<p>Cargue su CV\n<\/p>\n<p><span class=\"wpcf7-form-control-wrap\" data-name=\"TlchargervotreCV\"><input size=\"40\" class=\"wpcf7-form-control wpcf7-file wpcf7-validates-as-required\" accept=\".pdf,.word\" aria-required=\"true\" aria-invalid=\"false\" type=\"file\" name=\"TlchargervotreCV\" \/><\/span>\n<\/p>\n<p>\u00bfDesea compartir con nosotros alguna otra informaci\u00f3n?\n<\/p>\n<p><span class=\"wpcf7-form-control-wrap\" data-name=\"message\"><textarea cols=\"40\" rows=\"10\" maxlength=\"2000\" class=\"wpcf7-form-control wpcf7-textarea\" aria-invalid=\"false\" name=\"message\"><\/textarea><\/span><br \/>\n<input class=\"wpcf7-form-control wpcf7-submit has-spinner\" type=\"submit\" value=\"Enviar\" \/>\n<\/p><div class=\"wpcf7-response-output\" aria-hidden=\"true\"><\/div>\n<\/form>\n<\/div>\n<\/div>\n\t\t\t\t\t\t<\/div>\n\t\t\t\t<\/div>\n\t\t\t\t\t<\/div>\n\t\t<\/div>\n\t\t\t\t\t<\/div>\n\t\t<\/section>\n\t\t\t\t<\/div>\n\t\t","protected":false},"excerpt":{"rendered":"<p>Valide su perfil por nuestros expertos Evaluaci\u00f3n del perfil Determinar su admisibilidad \u00bfTrabajadores cualificados o estudiantes? \u00a0<\/p>\n","protected":false},"author":1,"featured_media":0,"parent":0,"menu_order":0,"comment_status":"closed","ping_status":"closed","template":"elementor_header_footer","meta":{"nf_dc_page":"","om_disable_all_campaigns":false,"_uag_custom_page_level_css":"","_monsterinsights_skip_tracking":false,"_monsterinsights_sitenote_active":false,"_monsterinsights_sitenote_note":"","_monsterinsights_sitenote_category":0,"site-sidebar-layout":"default","site-content-layout":"","ast-site-content-layout":"default","site-content-style":"default","site-sidebar-style":"default","ast-global-header-display":"","ast-banner-title-visibility":"","ast-main-header-display":"","ast-hfb-above-header-display":"","ast-hfb-below-header-display":"","ast-hfb-mobile-header-display":"","site-post-title":"","ast-breadcrumbs-content":"","ast-featured-img":"","footer-sml-layout":"","ast-disable-related-posts":"","theme-transparent-header-meta":"","adv-header-id-meta":"","stick-header-meta":"","header-above-stick-meta":"","header-main-stick-meta":"","header-below-stick-meta":"","astra-migrate-meta-layouts":"default","ast-page-background-enabled":"default","ast-page-background-meta":{"desktop":{"background-color":"","background-image":"","background-repeat":"repeat","background-position":"center center","background-size":"auto","background-attachment":"scroll","background-type":"","background-media":"","overlay-type":"","overlay-color":"","overlay-opacity":"","overlay-gradient":""},"tablet":{"background-color":"","background-image":"","background-repeat":"repeat","background-position":"center center","background-size":"auto","background-attachment":"scroll","background-type":"","background-media":"","overlay-type":"","overlay-color":"","overlay-opacity":"","overlay-gradient":""},"mobile":{"background-color":"","background-image":"","background-repeat":"repeat","background-position":"center center","background-size":"auto","background-attachment":"scroll","background-type":"","background-media":"","overlay-type":"","overlay-color":"","overlay-opacity":"","overlay-gradient":""}},"ast-content-background-meta":{"desktop":{"background-color":"var(--ast-global-color-5)","background-image":"","background-repeat":"repeat","background-position":"center center","background-size":"auto","background-attachment":"scroll","background-type":"","background-media":"","overlay-type":"","overlay-color":"","overlay-opacity":"","overlay-gradient":""},"tablet":{"background-color":"var(--ast-global-color-5)","background-image":"","background-repeat":"repeat","background-position":"center center","background-size":"auto","background-attachment":"scroll","background-type":"","background-media":"","overlay-type":"","overlay-color":"","overlay-opacity":"","overlay-gradient":""},"mobile":{"background-color":"var(--ast-global-color-5)","background-image":"","background-repeat":"repeat","background-position":"center center","background-size":"auto","background-attachment":"scroll","background-type":"","background-media":"","overlay-type":"","overlay-color":"","overlay-opacity":"","overlay-gradient":""}},"footnotes":""},"class_list":["post-6737","page","type-page","status-publish","hentry"],"aioseo_notices":[],"uagb_featured_image_src":{"full":false,"thumbnail":false,"medium":false,"medium_large":false,"large":false,"1536x1536":false,"2048x2048":false,"woocommerce_thumbnail":false,"woocommerce_single":false,"woocommerce_gallery_thumbnail":false},"uagb_author_info":{"display_name":"aof.immigration.canada","author_link":"https:\/\/aofimmigrationcanada.com\/es\/author\/aof-immigration-canada\/"},"uagb_comment_info":0,"uagb_excerpt":"Valide su perfil por nuestros expertos Evaluaci\u00f3n del perfil Determinar su admisibilidad \u00bfTrabajadores cualificados o estudiantes? \u00a0","jetpack_sharing_enabled":true,"_links":{"self":[{"href":"https:\/\/aofimmigrationcanada.com\/es\/wp-json\/wp\/v2\/pages\/6737","targetHints":{"allow":["GET"]}}],"collection":[{"href":"https:\/\/aofimmigrationcanada.com\/es\/wp-json\/wp\/v2\/pages"}],"about":[{"href":"https:\/\/aofimmigrationcanada.com\/es\/wp-json\/wp\/v2\/types\/page"}],"author":[{"embeddable":true,"href":"https:\/\/aofimmigrationcanada.com\/es\/wp-json\/wp\/v2\/users\/1"}],"replies":[{"embeddable":true,"href":"https:\/\/aofimmigrationcanada.com\/es\/wp-json\/wp\/v2\/comments?post=6737"}],"version-history":[{"count":4,"href":"https:\/\/aofimmigrationcanada.com\/es\/wp-json\/wp\/v2\/pages\/6737\/revisions"}],"predecessor-version":[{"id":8137,"href":"https:\/\/aofimmigrationcanada.com\/es\/wp-json\/wp\/v2\/pages\/6737\/revisions\/8137"}],"wp:attachment":[{"href":"https:\/\/aofimmigrationcanada.com\/es\/wp-json\/wp\/v2\/media?parent=6737"}],"curies":[{"name":"wp","href":"https:\/\/api.w.org\/{rel}","templated":true}]}}