{"id":6671,"date":"2021-07-08T10:23:06","date_gmt":"2021-07-08T14:23:06","guid":{"rendered":"https:\/\/aofimmigrationcanada.com\/servicios\/patrocinio\/"},"modified":"2023-04-27T10:52:05","modified_gmt":"2023-04-27T14:52:05","slug":"patrocinio","status":"publish","type":"page","link":"https:\/\/aofimmigrationcanada.com\/es\/servicios\/patrocinio\/","title":{"rendered":"Patrocinio"},"content":{"rendered":"\t\t<div data-elementor-type=\"wp-page\" data-elementor-id=\"6671\" class=\"elementor elementor-6671 elementor-2190\">\n\t\t\t\t\t\t<section class=\"elementor-section elementor-top-section elementor-element elementor-element-88d78bd elementor-section-boxed elementor-section-height-default elementor-section-height-default\" data-id=\"88d78bd\" data-element_type=\"section\" data-settings=\"{&quot;background_background&quot;:&quot;classic&quot;}\">\n\t\t\t\t\t\t\t<div class=\"elementor-background-overlay\"><\/div>\n\t\t\t\t\t\t\t<div class=\"elementor-container elementor-column-gap-no\">\n\t\t\t\t\t<div class=\"elementor-column elementor-col-100 elementor-top-column elementor-element elementor-element-5877891\" data-id=\"5877891\" data-element_type=\"column\">\n\t\t\t<div class=\"elementor-widget-wrap elementor-element-populated\">\n\t\t\t\t\t\t<div class=\"elementor-element elementor-element-93b07a8 elementor-widget elementor-widget-heading\" data-id=\"93b07a8\" data-element_type=\"widget\" data-widget_type=\"heading.default\">\n\t\t\t\t<div class=\"elementor-widget-container\">\n\t\t\t\t\t<h1 class=\"elementor-heading-title elementor-size-default\">Apadrinar a un miembro <br>de la familia<\/h1>\t\t\t\t<\/div>\n\t\t\t\t<\/div>\n\t\t\t\t\t<\/div>\n\t\t<\/div>\n\t\t\t\t\t<\/div>\n\t\t<\/section>\n\t\t\t\t<section class=\"elementor-section elementor-top-section elementor-element elementor-element-ab1ec96 elementor-section-boxed elementor-section-height-default elementor-section-height-default\" data-id=\"ab1ec96\" data-element_type=\"section\">\n\t\t\t\t\t\t<div class=\"elementor-container elementor-column-gap-default\">\n\t\t\t\t\t<div class=\"elementor-column elementor-col-100 elementor-top-column elementor-element elementor-element-dccd3c5\" data-id=\"dccd3c5\" data-element_type=\"column\">\n\t\t\t<div class=\"elementor-widget-wrap elementor-element-populated\">\n\t\t\t\t\t\t<div class=\"elementor-element elementor-element-9d8d85d elementor-widget elementor-widget-heading\" data-id=\"9d8d85d\" data-element_type=\"widget\" data-widget_type=\"heading.default\">\n\t\t\t\t<div class=\"elementor-widget-container\">\n\t\t\t\t\t<h2 class=\"elementor-heading-title elementor-size-default\">Apadrinamiento de un familiar<\/h2>\t\t\t\t<\/div>\n\t\t\t\t<\/div>\n\t\t\t\t\t<\/div>\n\t\t<\/div>\n\t\t\t\t\t<\/div>\n\t\t<\/section>\n\t\t\t\t<section class=\"elementor-section elementor-top-section elementor-element elementor-element-d2f0e6c elementor-section-boxed elementor-section-height-default elementor-section-height-default\" data-id=\"d2f0e6c\" data-element_type=\"section\">\n\t\t\t\t\t\t<div class=\"elementor-container elementor-column-gap-wide\">\n\t\t\t\t\t<div class=\"elementor-column elementor-col-50 elementor-top-column elementor-element elementor-element-d1f37f7\" data-id=\"d1f37f7\" data-element_type=\"column\">\n\t\t\t<div class=\"elementor-widget-wrap elementor-element-populated\">\n\t\t\t\t\t\t<div class=\"elementor-element elementor-element-57ee0aa elementor-widget elementor-widget-heading\" data-id=\"57ee0aa\" data-element_type=\"widget\" data-widget_type=\"heading.default\">\n\t\t\t\t<div class=\"elementor-widget-container\">\n\t\t\t\t\t<h2 class=\"elementor-heading-title elementor-size-default\">\u00bfEs usted elegible?<\/h2>\t\t\t\t<\/div>\n\t\t\t\t<\/div>\n\t\t\t\t<div class=\"elementor-element elementor-element-689f37d elementor-widget elementor-widget-text-editor\" data-id=\"689f37d\" data-element_type=\"widget\" data-widget_type=\"text-editor.default\">\n\t\t\t\t<div class=\"elementor-widget-container\">\n\t\t\t\t\t\t\t\t\t<p>\u00bfEs usted ciudadano canadiense, o una persona registrada en Canad\u00e1 como indio en virtud de la Ley india de Canad\u00e1, o residente permanente?<\/p>\n<p>Puede optar a patrocinar a sus familiares, incluidos su c\u00f3nyuge, pareja o hijos a su cargo, para que se conviertan en residentes permanentes en Canad\u00e1, lo que les permitir\u00e1 vivir, estudiar y trabajar en Canad\u00e1. Si cumple los requisitos, tambi\u00e9n puede apadrinar a otros miembros de su familia, incluidos nietos, padres y abuelos, para que se re\u00fanan con usted en Canad\u00e1.<\/p>\n\t\t\t\t\t\t\t\t<\/div>\n\t\t\t\t<\/div>\n\t\t\t\t\t<\/div>\n\t\t<\/div>\n\t\t\t\t<div class=\"elementor-column elementor-col-50 elementor-top-column elementor-element elementor-element-3ac0a20\" data-id=\"3ac0a20\" data-element_type=\"column\">\n\t\t\t<div class=\"elementor-widget-wrap elementor-element-populated\">\n\t\t\t\t\t\t<div class=\"elementor-element elementor-element-0cb0d4b elementor-widget elementor-widget-heading\" data-id=\"0cb0d4b\" data-element_type=\"widget\" data-widget_type=\"heading.default\">\n\t\t\t\t<div class=\"elementor-widget-container\">\n\t\t\t\t\t<h2 class=\"elementor-heading-title elementor-size-default\"> Tipos de patrocinio<\/h2>\t\t\t\t<\/div>\n\t\t\t\t<\/div>\n\t\t\t\t<div class=\"elementor-element elementor-element-4474fce elementor-widget elementor-widget-text-editor\" data-id=\"4474fce\" data-element_type=\"widget\" data-widget_type=\"text-editor.default\">\n\t\t\t\t<div class=\"elementor-widget-container\">\n\t\t\t\t\t\t\t\t\t<p>Existen dos tipos de patrocinio. Una es el apadrinamiento fuera de Canad\u00e1 cuando su progenitor vive fuera de Canad\u00e1. La otra es en Canad\u00e1 cuando su progenitor ya reside en Canad\u00e1. La solicitud de apadrinamiento consta principalmente de dos solicitudes: solicitar ser padrino, y que su familiar solicite ser apadrinado (residencia permanente).<\/p>\n\t\t\t\t\t\t\t\t<\/div>\n\t\t\t\t<\/div>\n\t\t\t\t\t<\/div>\n\t\t<\/div>\n\t\t\t\t\t<\/div>\n\t\t<\/section>\n\t\t\t\t<section class=\"elementor-section elementor-top-section elementor-element elementor-element-6453cbd elementor-section-boxed elementor-section-height-default elementor-section-height-default\" data-id=\"6453cbd\" data-element_type=\"section\">\n\t\t\t\t\t\t<div class=\"elementor-container elementor-column-gap-wide\">\n\t\t\t\t\t<div class=\"elementor-column elementor-col-100 elementor-top-column elementor-element elementor-element-a3f54c9\" data-id=\"a3f54c9\" data-element_type=\"column\">\n\t\t\t<div class=\"elementor-widget-wrap elementor-element-populated\">\n\t\t\t\t\t\t<div class=\"elementor-element elementor-element-68ca275 elementor-widget elementor-widget-heading\" data-id=\"68ca275\" data-element_type=\"widget\" data-widget_type=\"heading.default\">\n\t\t\t\t<div class=\"elementor-widget-container\">\n\t\t\t\t\t<h2 class=\"elementor-heading-title elementor-size-default\">Nuestro cliente<\/h2>\t\t\t\t<\/div>\n\t\t\t\t<\/div>\n\t\t\t\t<div class=\"elementor-element elementor-element-a9abd8c elementor-widget elementor-widget-text-editor\" data-id=\"a9abd8c\" data-element_type=\"widget\" data-widget_type=\"text-editor.default\">\n\t\t\t\t<div class=\"elementor-widget-container\">\n\t\t\t\t\t\t\t\t\t<p>Como cliente, AOF Immigration Canada actuar\u00e1 como su representante, asesor\u00e1ndole y ayud\u00e1ndole con su solicitud. Podemos ayudarle a rellenar formularios y comunicarnos con Inmigraci\u00f3n, Refugiados y Ciudadan\u00eda de Canad\u00e1 en su nombre. Le ayudaremos a preparar los documentos que necesita subir para evitar cometer errores que podr\u00edan poner en peligro el tiempo de tramitaci\u00f3n y la situaci\u00f3n de usted y sus familiares.<\/p>\n<p><strong>P\u00f3ngase en contacto con nosotros para saber si puede apadrinar a los miembros de su familia.<\/strong><\/p>\n\t\t\t\t\t\t\t\t<\/div>\n\t\t\t\t<\/div>\n\t\t\t\t<div class=\"elementor-element elementor-element-bd44f83 elementor-widget elementor-widget-image\" data-id=\"bd44f83\" data-element_type=\"widget\" data-widget_type=\"image.default\">\n\t\t\t\t<div class=\"elementor-widget-container\">\n\t\t\t\t\t\t\t\t\t\t\t\t\t\t\t<img loading=\"lazy\" decoding=\"async\" loading=\"lazy\" width=\"1024\" height=\"576\" src=\"https:\/\/i0.wp.com\/aofimmigrationcanada.com\/wp-content\/uploads\/2023\/04\/family-sponsorship-SP.jpg?fit=1024%2C576&amp;ssl=1\" class=\"attachment-large size-large wp-image-7264\" alt=\"\" srcset=\"https:\/\/i0.wp.com\/aofimmigrationcanada.com\/wp-content\/uploads\/2023\/04\/family-sponsorship-SP.jpg?w=1200&amp;ssl=1 1200w, https:\/\/i0.wp.com\/aofimmigrationcanada.com\/wp-content\/uploads\/2023\/04\/family-sponsorship-SP.jpg?resize=300%2C169&amp;ssl=1 300w, https:\/\/i0.wp.com\/aofimmigrationcanada.com\/wp-content\/uploads\/2023\/04\/family-sponsorship-SP.jpg?resize=1024%2C576&amp;ssl=1 1024w, https:\/\/i0.wp.com\/aofimmigrationcanada.com\/wp-content\/uploads\/2023\/04\/family-sponsorship-SP.jpg?resize=768%2C432&amp;ssl=1 768w, https:\/\/i0.wp.com\/aofimmigrationcanada.com\/wp-content\/uploads\/2023\/04\/family-sponsorship-SP.jpg?resize=600%2C338&amp;ssl=1 600w\" sizes=\"auto, (max-width: 1024px) 100vw, 1024px\" \/>\t\t\t\t\t\t\t\t\t\t\t\t\t\t\t<\/div>\n\t\t\t\t<\/div>\n\t\t\t\t\t<\/div>\n\t\t<\/div>\n\t\t\t\t\t<\/div>\n\t\t<\/section>\n\t\t\t\t<\/div>\n\t\t","protected":false},"excerpt":{"rendered":"<p>Apadrinar a un miembro de la familia Apadrinamiento de un familiar \u00bfEs usted elegible? \u00bfEs usted ciudadano canadiense, o una persona registrada en Canad\u00e1 como indio en virtud de la Ley india de Canad\u00e1, o residente permanente? Puede optar a patrocinar a sus familiares, incluidos su c\u00f3nyuge, pareja o hijos a su cargo, para que [&hellip;]<\/p>\n","protected":false},"author":1,"featured_media":0,"parent":6584,"menu_order":0,"comment_status":"closed","ping_status":"closed","template":"elementor_header_footer","meta":{"nf_dc_page":"","om_disable_all_campaigns":false,"_uag_custom_page_level_css":"","_monsterinsights_skip_tracking":false,"_monsterinsights_sitenote_active":false,"_monsterinsights_sitenote_note":"","_monsterinsights_sitenote_category":0,"site-sidebar-layout":"default","site-content-layout":"default","ast-site-content-layout":"default","site-content-style":"default","site-sidebar-style":"default","ast-global-header-display":"","ast-banner-title-visibility":"","ast-main-header-display":"","ast-hfb-above-header-display":"","ast-hfb-below-header-display":"","ast-hfb-mobile-header-display":"","site-post-title":"","ast-breadcrumbs-content":"","ast-featured-img":"","footer-sml-layout":"","ast-disable-related-posts":"","theme-transparent-header-meta":"default","adv-header-id-meta":"","stick-header-meta":"","header-above-stick-meta":"","header-main-stick-meta":"","header-below-stick-meta":"","astra-migrate-meta-layouts":"default","ast-page-background-enabled":"default","ast-page-background-meta":{"desktop":{"background-color":"","background-image":"","background-repeat":"repeat","background-position":"center center","background-size":"auto","background-attachment":"scroll","background-type":"","background-media":"","overlay-type":"","overlay-color":"","overlay-opacity":"","overlay-gradient":""},"tablet":{"background-color":"","background-image":"","background-repeat":"repeat","background-position":"center center","background-size":"auto","background-attachment":"scroll","background-type":"","background-media":"","overlay-type":"","overlay-color":"","overlay-opacity":"","overlay-gradient":""},"mobile":{"background-color":"","background-image":"","background-repeat":"repeat","background-position":"center center","background-size":"auto","background-attachment":"scroll","background-type":"","background-media":"","overlay-type":"","overlay-color":"","overlay-opacity":"","overlay-gradient":""}},"ast-content-background-meta":{"desktop":{"background-color":"var(--ast-global-color-5)","background-image":"","background-repeat":"repeat","background-position":"center center","background-size":"auto","background-attachment":"scroll","background-type":"","background-media":"","overlay-type":"","overlay-color":"","overlay-opacity":"","overlay-gradient":""},"tablet":{"background-color":"var(--ast-global-color-5)","background-image":"","background-repeat":"repeat","background-position":"center center","background-size":"auto","background-attachment":"scroll","background-type":"","background-media":"","overlay-type":"","overlay-color":"","overlay-opacity":"","overlay-gradient":""},"mobile":{"background-color":"var(--ast-global-color-5)","background-image":"","background-repeat":"repeat","background-position":"center center","background-size":"auto","background-attachment":"scroll","background-type":"","background-media":"","overlay-type":"","overlay-color":"","overlay-opacity":"","overlay-gradient":""}},"footnotes":""},"class_list":["post-6671","page","type-page","status-publish","hentry"],"aioseo_notices":[],"uagb_featured_image_src":{"full":false,"thumbnail":false,"medium":false,"medium_large":false,"large":false,"1536x1536":false,"2048x2048":false,"woocommerce_thumbnail":false,"woocommerce_single":false,"woocommerce_gallery_thumbnail":false},"uagb_author_info":{"display_name":"aof.immigration.canada","author_link":"https:\/\/aofimmigrationcanada.com\/es\/author\/aof-immigration-canada\/"},"uagb_comment_info":0,"uagb_excerpt":"Apadrinar a un miembro de la familia Apadrinamiento de un familiar \u00bfEs usted elegible? \u00bfEs usted ciudadano canadiense, o una persona registrada en Canad\u00e1 como indio en virtud de la Ley india de Canad\u00e1, o residente permanente? Puede optar a patrocinar a sus familiares, incluidos su c\u00f3nyuge, pareja o hijos a su cargo, para que&hellip;","jetpack_sharing_enabled":true,"_links":{"self":[{"href":"https:\/\/aofimmigrationcanada.com\/es\/wp-json\/wp\/v2\/pages\/6671","targetHints":{"allow":["GET"]}}],"collection":[{"href":"https:\/\/aofimmigrationcanada.com\/es\/wp-json\/wp\/v2\/pages"}],"about":[{"href":"https:\/\/aofimmigrationcanada.com\/es\/wp-json\/wp\/v2\/types\/page"}],"author":[{"embeddable":true,"href":"https:\/\/aofimmigrationcanada.com\/es\/wp-json\/wp\/v2\/users\/1"}],"replies":[{"embeddable":true,"href":"https:\/\/aofimmigrationcanada.com\/es\/wp-json\/wp\/v2\/comments?post=6671"}],"version-history":[{"count":4,"href":"https:\/\/aofimmigrationcanada.com\/es\/wp-json\/wp\/v2\/pages\/6671\/revisions"}],"predecessor-version":[{"id":7269,"href":"https:\/\/aofimmigrationcanada.com\/es\/wp-json\/wp\/v2\/pages\/6671\/revisions\/7269"}],"up":[{"embeddable":true,"href":"https:\/\/aofimmigrationcanada.com\/es\/wp-json\/wp\/v2\/pages\/6584"}],"wp:attachment":[{"href":"https:\/\/aofimmigrationcanada.com\/es\/wp-json\/wp\/v2\/media?parent=6671"}],"curies":[{"name":"wp","href":"https:\/\/api.w.org\/{rel}","templated":true}]}}