{"id":6642,"date":"2021-07-08T13:08:33","date_gmt":"2021-07-08T17:08:33","guid":{"rendered":"https:\/\/aofimmigrationcanada.com\/servicios\/ciudadania-canadiense\/"},"modified":"2023-04-27T11:11:54","modified_gmt":"2023-04-27T15:11:54","slug":"ciudadania-canadiense","status":"publish","type":"page","link":"https:\/\/aofimmigrationcanada.com\/es\/servicios\/ciudadania-canadiense\/","title":{"rendered":"Ciudadan\u00eda canadiense"},"content":{"rendered":"\t\t<div data-elementor-type=\"wp-page\" data-elementor-id=\"6642\" class=\"elementor elementor-6642 elementor-2313\">\n\t\t\t\t\t\t<section class=\"elementor-section elementor-top-section elementor-element elementor-element-e143dc9 elementor-section-boxed elementor-section-height-default elementor-section-height-default\" data-id=\"e143dc9\" data-element_type=\"section\" data-settings=\"{&quot;background_background&quot;:&quot;video&quot;,&quot;background_video_link&quot;:&quot;https:\\\/\\\/youtu.be\\\/pXBK8rXBe0A&quot;}\">\n\t\t\t\t\t\t\t\t<div class=\"elementor-background-video-container elementor-hidden-mobile\" aria-hidden=\"true\">\n\t\t\t\t\t\t\t\t\t\t\t\t\t<div class=\"elementor-background-video-embed\"><\/div>\n\t\t\t\t\t\t\t\t\t\t\t\t<\/div>\n\t\t\t\t\t\t\t\t\t<div class=\"elementor-background-overlay\"><\/div>\n\t\t\t\t\t\t\t<div class=\"elementor-container elementor-column-gap-no\">\n\t\t\t\t\t<div class=\"elementor-column elementor-col-100 elementor-top-column elementor-element elementor-element-6cbc1cd\" data-id=\"6cbc1cd\" data-element_type=\"column\">\n\t\t\t<div class=\"elementor-widget-wrap elementor-element-populated\">\n\t\t\t\t\t\t<div class=\"elementor-element elementor-element-0486d51 elementor-widget elementor-widget-heading\" data-id=\"0486d51\" data-element_type=\"widget\" data-widget_type=\"heading.default\">\n\t\t\t\t<div class=\"elementor-widget-container\">\n\t\t\t\t\t<h1 class=\"elementor-heading-title elementor-size-default\">Ciudadan\u00eda canadiense<\/h1>\t\t\t\t<\/div>\n\t\t\t\t<\/div>\n\t\t\t\t\t<\/div>\n\t\t<\/div>\n\t\t\t\t\t<\/div>\n\t\t<\/section>\n\t\t\t\t<section class=\"elementor-section elementor-top-section elementor-element elementor-element-89e4cb5 elementor-section-boxed elementor-section-height-default elementor-section-height-default\" data-id=\"89e4cb5\" data-element_type=\"section\">\n\t\t\t\t\t\t<div class=\"elementor-container elementor-column-gap-default\">\n\t\t\t\t\t<div class=\"elementor-column elementor-col-100 elementor-top-column elementor-element elementor-element-3b63d32\" data-id=\"3b63d32\" data-element_type=\"column\">\n\t\t\t<div class=\"elementor-widget-wrap elementor-element-populated\">\n\t\t\t\t\t\t<div class=\"elementor-element elementor-element-1fe51c8 elementor-widget elementor-widget-heading\" data-id=\"1fe51c8\" data-element_type=\"widget\" data-widget_type=\"heading.default\">\n\t\t\t\t<div class=\"elementor-widget-container\">\n\t\t\t\t\t<h2 class=\"elementor-heading-title elementor-size-default\">Programa de Ciudadan\u00eda Canadiense<\/h2>\t\t\t\t<\/div>\n\t\t\t\t<\/div>\n\t\t\t\t<div class=\"elementor-element elementor-element-df5a09b elementor-widget elementor-widget-video\" data-id=\"df5a09b\" data-element_type=\"widget\" data-settings=\"{&quot;video_type&quot;:&quot;hosted&quot;,&quot;controls&quot;:&quot;yes&quot;}\" data-widget_type=\"video.default\">\n\t\t\t\t<div class=\"elementor-widget-container\">\n\t\t\t\t\t\t\t<div class=\"e-hosted-video elementor-wrapper elementor-open-inline\">\n\t\t\t\t\t<video class=\"elementor-video\" src=\"https:\/\/aofimmigrationcanada.com\/wp-content\/uploads\/2023\/04\/aof-citizenship-SP.mp4\" controls=\"\" preload=\"metadata\" controlsList=\"nodownload\" poster=\"https:\/\/aofimmigrationcanada.com\/wp-content\/uploads\/2023\/04\/CITIZENSHIP-COVER-SP.png\"><\/video>\n\t\t\t\t<\/div>\n\t\t\t\t\t\t<\/div>\n\t\t\t\t<\/div>\n\t\t\t\t\t<\/div>\n\t\t<\/div>\n\t\t\t\t\t<\/div>\n\t\t<\/section>\n\t\t\t\t<section class=\"elementor-section elementor-top-section elementor-element elementor-element-1d65ded elementor-section-boxed elementor-section-height-default elementor-section-height-default\" data-id=\"1d65ded\" data-element_type=\"section\">\n\t\t\t\t\t\t<div class=\"elementor-container elementor-column-gap-wide\">\n\t\t\t\t\t<div class=\"elementor-column elementor-col-50 elementor-top-column elementor-element elementor-element-5d08e38\" data-id=\"5d08e38\" data-element_type=\"column\">\n\t\t\t<div class=\"elementor-widget-wrap elementor-element-populated\">\n\t\t\t\t\t\t<div class=\"elementor-element elementor-element-e6236f4 elementor-widget elementor-widget-heading\" data-id=\"e6236f4\" data-element_type=\"widget\" data-widget_type=\"heading.default\">\n\t\t\t\t<div class=\"elementor-widget-container\">\n\t\t\t\t\t<h2 class=\"elementor-heading-title elementor-size-default\">pasos<\/h2>\t\t\t\t<\/div>\n\t\t\t\t<\/div>\n\t\t\t\t<div class=\"elementor-element elementor-element-56a88fd elementor-widget elementor-widget-text-editor\" data-id=\"56a88fd\" data-element_type=\"widget\" data-widget_type=\"text-editor.default\">\n\t\t\t\t<div class=\"elementor-widget-container\">\n\t\t\t\t\t\t\t\t\t<div>Convertirse en ciudadano canadiense es uno de los momentos m\u00e1s hermosos e importantes de su vida en Canad\u00e1. Perm\u00edtanos ayudarle a que este momento sea a\u00fan m\u00e1s hermoso, eliminando el estr\u00e9s y simplificando el procedimiento. Varios pasos preceden a este bello momento:<\/div>\n<ul>\n<li>Su admisibilidad<\/li>\n<li>La solicitud de ciudadan\u00eda<\/li>\n<li>El examen de ciudadan\u00eda<\/li>\n<li>La ceremonia<\/li>\n<\/ul>\n<div>AOF Immigration Canada estar\u00e1 all\u00ed en cada paso del camino para facilitar su transici\u00f3n de la residencia permanente a la ciudadan\u00eda.<\/div>\n\t\t\t\t\t\t\t\t<\/div>\n\t\t\t\t<\/div>\n\t\t\t\t\t<\/div>\n\t\t<\/div>\n\t\t\t\t<div class=\"elementor-column elementor-col-50 elementor-top-column elementor-element elementor-element-919cf44\" data-id=\"919cf44\" data-element_type=\"column\">\n\t\t\t<div class=\"elementor-widget-wrap elementor-element-populated\">\n\t\t\t\t\t\t<div class=\"elementor-element elementor-element-6296dd4 elementor-widget elementor-widget-heading\" data-id=\"6296dd4\" data-element_type=\"widget\" data-widget_type=\"heading.default\">\n\t\t\t\t<div class=\"elementor-widget-container\">\n\t\t\t\t\t<h2 class=\"elementor-heading-title elementor-size-default\">P\u00f3ngase en contacto con nosotros<\/h2>\t\t\t\t<\/div>\n\t\t\t\t<\/div>\n\t\t\t\t<div class=\"elementor-element elementor-element-05f2a7e elementor-widget elementor-widget-text-editor\" data-id=\"05f2a7e\" data-element_type=\"widget\" data-widget_type=\"text-editor.default\">\n\t\t\t\t<div class=\"elementor-widget-container\">\n\t\t\t\t\t\t\t\t\t<p>P\u00f3ngase en contacto con nosotros para saber si cumple los requisitos e iniciar el procedimiento.<\/p>\n<p><strong>Concierte una cita<\/strong><\/p>\n\t\t\t\t\t\t\t\t<\/div>\n\t\t\t\t<\/div>\n\t\t\t\t\t<\/div>\n\t\t<\/div>\n\t\t\t\t\t<\/div>\n\t\t<\/section>\n\t\t\t\t<\/div>\n\t\t","protected":false},"excerpt":{"rendered":"<p>Ciudadan\u00eda canadiense Programa de Ciudadan\u00eda Canadiense https:\/\/aofimmigrationcanada.com\/wp-content\/uploads\/2023\/04\/aof-citizenship-SP.mp4 pasos Convertirse en ciudadano canadiense es uno de los momentos m\u00e1s hermosos e importantes de su vida en Canad\u00e1. Perm\u00edtanos ayudarle a que este momento sea a\u00fan m\u00e1s hermoso, eliminando el estr\u00e9s y simplificando el procedimiento. Varios pasos preceden a este bello momento: Su admisibilidad La solicitud de [&hellip;]<\/p>\n","protected":false},"author":1,"featured_media":0,"parent":6584,"menu_order":0,"comment_status":"closed","ping_status":"closed","template":"elementor_header_footer","meta":{"nf_dc_page":"","om_disable_all_campaigns":false,"_uag_custom_page_level_css":"","_monsterinsights_skip_tracking":false,"_monsterinsights_sitenote_active":false,"_monsterinsights_sitenote_note":"","_monsterinsights_sitenote_category":0,"site-sidebar-layout":"no-sidebar","site-content-layout":"page-builder","ast-site-content-layout":"default","site-content-style":"default","site-sidebar-style":"default","ast-global-header-display":"","ast-banner-title-visibility":"","ast-main-header-display":"","ast-hfb-above-header-display":"","ast-hfb-below-header-display":"","ast-hfb-mobile-header-display":"","site-post-title":"disabled","ast-breadcrumbs-content":"","ast-featured-img":"","footer-sml-layout":"","ast-disable-related-posts":"","theme-transparent-header-meta":"disabled","adv-header-id-meta":"","stick-header-meta":"","header-above-stick-meta":"","header-main-stick-meta":"","header-below-stick-meta":"","astra-migrate-meta-layouts":"default","ast-page-background-enabled":"default","ast-page-background-meta":{"desktop":{"background-color":"","background-image":"","background-repeat":"repeat","background-position":"center center","background-size":"auto","background-attachment":"scroll","background-type":"","background-media":"","overlay-type":"","overlay-color":"","overlay-opacity":"","overlay-gradient":""},"tablet":{"background-color":"","background-image":"","background-repeat":"repeat","background-position":"center center","background-size":"auto","background-attachment":"scroll","background-type":"","background-media":"","overlay-type":"","overlay-color":"","overlay-opacity":"","overlay-gradient":""},"mobile":{"background-color":"","background-image":"","background-repeat":"repeat","background-position":"center center","background-size":"auto","background-attachment":"scroll","background-type":"","background-media":"","overlay-type":"","overlay-color":"","overlay-opacity":"","overlay-gradient":""}},"ast-content-background-meta":{"desktop":{"background-color":"var(--ast-global-color-5)","background-image":"","background-repeat":"repeat","background-position":"center center","background-size":"auto","background-attachment":"scroll","background-type":"","background-media":"","overlay-type":"","overlay-color":"","overlay-opacity":"","overlay-gradient":""},"tablet":{"background-color":"var(--ast-global-color-5)","background-image":"","background-repeat":"repeat","background-position":"center center","background-size":"auto","background-attachment":"scroll","background-type":"","background-media":"","overlay-type":"","overlay-color":"","overlay-opacity":"","overlay-gradient":""},"mobile":{"background-color":"var(--ast-global-color-5)","background-image":"","background-repeat":"repeat","background-position":"center center","background-size":"auto","background-attachment":"scroll","background-type":"","background-media":"","overlay-type":"","overlay-color":"","overlay-opacity":"","overlay-gradient":""}},"footnotes":""},"class_list":["post-6642","page","type-page","status-publish","hentry"],"aioseo_notices":[],"uagb_featured_image_src":{"full":false,"thumbnail":false,"medium":false,"medium_large":false,"large":false,"1536x1536":false,"2048x2048":false,"woocommerce_thumbnail":false,"woocommerce_single":false,"woocommerce_gallery_thumbnail":false},"uagb_author_info":{"display_name":"aof.immigration.canada","author_link":"https:\/\/aofimmigrationcanada.com\/es\/author\/aof-immigration-canada\/"},"uagb_comment_info":0,"uagb_excerpt":"Ciudadan\u00eda canadiense Programa de Ciudadan\u00eda Canadiense https:\/\/aofimmigrationcanada.com\/wp-content\/uploads\/2023\/04\/aof-citizenship-SP.mp4 pasos Convertirse en ciudadano canadiense es uno de los momentos m\u00e1s hermosos e importantes de su vida en Canad\u00e1. Perm\u00edtanos ayudarle a que este momento sea a\u00fan m\u00e1s hermoso, eliminando el estr\u00e9s y simplificando el procedimiento. Varios pasos preceden a este bello momento: Su admisibilidad La solicitud de&hellip;","jetpack_sharing_enabled":true,"_links":{"self":[{"href":"https:\/\/aofimmigrationcanada.com\/es\/wp-json\/wp\/v2\/pages\/6642","targetHints":{"allow":["GET"]}}],"collection":[{"href":"https:\/\/aofimmigrationcanada.com\/es\/wp-json\/wp\/v2\/pages"}],"about":[{"href":"https:\/\/aofimmigrationcanada.com\/es\/wp-json\/wp\/v2\/types\/page"}],"author":[{"embeddable":true,"href":"https:\/\/aofimmigrationcanada.com\/es\/wp-json\/wp\/v2\/users\/1"}],"replies":[{"embeddable":true,"href":"https:\/\/aofimmigrationcanada.com\/es\/wp-json\/wp\/v2\/comments?post=6642"}],"version-history":[{"count":4,"href":"https:\/\/aofimmigrationcanada.com\/es\/wp-json\/wp\/v2\/pages\/6642\/revisions"}],"predecessor-version":[{"id":7314,"href":"https:\/\/aofimmigrationcanada.com\/es\/wp-json\/wp\/v2\/pages\/6642\/revisions\/7314"}],"up":[{"embeddable":true,"href":"https:\/\/aofimmigrationcanada.com\/es\/wp-json\/wp\/v2\/pages\/6584"}],"wp:attachment":[{"href":"https:\/\/aofimmigrationcanada.com\/es\/wp-json\/wp\/v2\/media?parent=6642"}],"curies":[{"name":"wp","href":"https:\/\/api.w.org\/{rel}","templated":true}]}}