{"id":6618,"date":"2021-09-23T21:13:34","date_gmt":"2021-09-24T01:13:34","guid":{"rendered":"https:\/\/aofimmigrationcanada.com\/aof-y-empresarios\/"},"modified":"2023-05-05T11:51:35","modified_gmt":"2023-05-05T15:51:35","slug":"aof-y-empresarios","status":"publish","type":"page","link":"https:\/\/aofimmigrationcanada.com\/es\/aof-y-empresarios\/","title":{"rendered":"AOF y empresarios"},"content":{"rendered":"\t\t<div data-elementor-type=\"wp-page\" data-elementor-id=\"6618\" class=\"elementor elementor-6618 elementor-3075\">\n\t\t\t\t\t\t<section class=\"elementor-section elementor-top-section elementor-element elementor-element-2851cd8 elementor-section-boxed elementor-section-height-default elementor-section-height-default\" data-id=\"2851cd8\" data-element_type=\"section\" data-settings=\"{&quot;background_background&quot;:&quot;classic&quot;}\">\n\t\t\t\t\t\t\t<div class=\"elementor-background-overlay\"><\/div>\n\t\t\t\t\t\t\t<div class=\"elementor-container elementor-column-gap-no\">\n\t\t\t\t\t<div class=\"elementor-column elementor-col-100 elementor-top-column elementor-element elementor-element-0ac1f41\" data-id=\"0ac1f41\" data-element_type=\"column\">\n\t\t\t<div class=\"elementor-widget-wrap elementor-element-populated\">\n\t\t\t\t\t\t<div class=\"elementor-element elementor-element-447232c elementor-widget elementor-widget-heading\" data-id=\"447232c\" data-element_type=\"widget\" data-widget_type=\"heading.default\">\n\t\t\t\t<div class=\"elementor-widget-container\">\n\t\t\t\t\t<h1 class=\"elementor-heading-title elementor-size-default\">AOF y <br>Empresarios<\/h1>\t\t\t\t<\/div>\n\t\t\t\t<\/div>\n\t\t\t\t\t<\/div>\n\t\t<\/div>\n\t\t\t\t\t<\/div>\n\t\t<\/section>\n\t\t\t\t<section class=\"elementor-section elementor-top-section elementor-element elementor-element-6164f849 elementor-section-content-middle elementor-section-boxed elementor-section-height-default elementor-section-height-default\" data-id=\"6164f849\" data-element_type=\"section\">\n\t\t\t\t\t\t\t<div class=\"elementor-background-overlay\"><\/div>\n\t\t\t\t\t\t\t<div class=\"elementor-container elementor-column-gap-no\">\n\t\t\t\t\t<div class=\"elementor-column elementor-col-100 elementor-top-column elementor-element elementor-element-4aa8588a\" data-id=\"4aa8588a\" data-element_type=\"column\">\n\t\t\t<div class=\"elementor-widget-wrap elementor-element-populated\">\n\t\t\t\t\t\t<div class=\"elementor-element elementor-element-323d86fa elementor-widget elementor-widget-icon-box\" data-id=\"323d86fa\" data-element_type=\"widget\" data-widget_type=\"icon-box.default\">\n\t\t\t\t<div class=\"elementor-widget-container\">\n\t\t\t\t\t\t\t<div class=\"elementor-icon-box-wrapper\">\n\n\t\t\t\n\t\t\t\t\t\t<div class=\"elementor-icon-box-content\">\n\n\t\t\t\t\t\t\t\t\t<h3 class=\"elementor-icon-box-title\">\n\t\t\t\t\t\t<span  >\n\t\t\t\t\t\t\tPara todas las necesidades de mano de obra extranjera\t\t\t\t\t\t<\/span>\n\t\t\t\t\t<\/h3>\n\t\t\t\t\n\t\t\t\t\n\t\t\t<\/div>\n\t\t\t\n\t\t<\/div>\n\t\t\t\t\t\t<\/div>\n\t\t\t\t<\/div>\n\t\t\t\t<div class=\"elementor-element elementor-element-0a67222 elementor-widget elementor-widget-heading\" data-id=\"0a67222\" data-element_type=\"widget\" data-widget_type=\"heading.default\">\n\t\t\t\t<div class=\"elementor-widget-container\">\n\t\t\t\t\t<h2 class=\"elementor-heading-title elementor-size-default\">Comentarios<br>AOF con los empresarios<\/h2>\t\t\t\t<\/div>\n\t\t\t\t<\/div>\n\t\t\t\t<div class=\"elementor-element elementor-element-30fbefd4 elementor-widget elementor-widget-text-editor\" data-id=\"30fbefd4\" data-element_type=\"widget\" data-widget_type=\"text-editor.default\">\n\t\t\t\t<div class=\"elementor-widget-container\">\n\t\t\t\t\t\t\t\t\t<p><span style=\"font-style: inherit; font-weight: inherit;\">nuestras experiencias con los empresarios que conf\u00edan en nosotros son positivas <\/span><\/p>\n\t\t\t\t\t\t\t\t<\/div>\n\t\t\t\t<\/div>\n\t\t\t\t\t<\/div>\n\t\t<\/div>\n\t\t\t\t\t<\/div>\n\t\t<\/section>\n\t\t\t\t<section class=\"elementor-section elementor-top-section elementor-element elementor-element-faed1ae elementor-section-boxed elementor-section-height-default elementor-section-height-default\" data-id=\"faed1ae\" data-element_type=\"section\">\n\t\t\t\t\t\t<div class=\"elementor-container elementor-column-gap-default\">\n\t\t\t\t\t<div class=\"elementor-column elementor-col-100 elementor-top-column elementor-element elementor-element-c5f4211\" data-id=\"c5f4211\" data-element_type=\"column\">\n\t\t\t<div class=\"elementor-widget-wrap elementor-element-populated\">\n\t\t\t\t\t\t<div class=\"elementor-element elementor-element-37164d8 elementor-widget__width-initial elementor-widget elementor-widget-video\" data-id=\"37164d8\" data-element_type=\"widget\" data-settings=\"{&quot;video_type&quot;:&quot;hosted&quot;,&quot;controls&quot;:&quot;yes&quot;}\" data-widget_type=\"video.default\">\n\t\t\t\t<div class=\"elementor-widget-container\">\n\t\t\t\t\t\t\t<div class=\"e-hosted-video elementor-wrapper elementor-open-inline\">\n\t\t\t\t\t<video class=\"elementor-video\" src=\"https:\/\/aofimmigrationcanada.com\/wp-content\/uploads\/2022\/12\/employers-videos-timhortons.mp4\" controls=\"\" preload=\"metadata\" controlsList=\"nodownload\" poster=\"https:\/\/aofimmigrationcanada.com\/wp-content\/uploads\/2022\/11\/tim-hortons.png\"><\/video>\n\t\t\t\t<\/div>\n\t\t\t\t\t\t<\/div>\n\t\t\t\t<\/div>\n\t\t\t\t\t<\/div>\n\t\t<\/div>\n\t\t\t\t\t<\/div>\n\t\t<\/section>\n\t\t\t\t<section class=\"elementor-section elementor-top-section elementor-element elementor-element-mmyfmdl elementor-section-content-middle elementor-reverse-mobile elementor-section-boxed elementor-section-height-default elementor-section-height-default\" data-id=\"mmyfmdl\" data-element_type=\"section\" data-settings=\"{&quot;background_background&quot;:&quot;classic&quot;}\">\n\t\t\t\t\t\t\t<div class=\"elementor-background-overlay\"><\/div>\n\t\t\t\t\t\t\t<div class=\"elementor-container elementor-column-gap-no\">\n\t\t\t\t\t<div class=\"elementor-column elementor-col-100 elementor-top-column elementor-element elementor-element-0c36485\" data-id=\"0c36485\" data-element_type=\"column\">\n\t\t\t<div class=\"elementor-widget-wrap elementor-element-populated\">\n\t\t\t\t\t\t<div class=\"elementor-element elementor-element-8a02e68 elementor-align-center elementor-widget elementor-widget-button\" data-id=\"8a02e68\" data-element_type=\"widget\" data-widget_type=\"button.default\">\n\t\t\t\t<div class=\"elementor-widget-container\">\n\t\t\t\t\t\t\t\t\t<div class=\"elementor-button-wrapper\">\n\t\t\t\t\t<a class=\"elementor-button elementor-button-link elementor-size-sm\" href=\"https:\/\/aofimmigrationcanada.com\/es\/empresarios\/proyectos-empresariales\/\">\n\t\t\t\t\t\t<span class=\"elementor-button-content-wrapper\">\n\t\t\t\t\t\t\t\t\t<span class=\"elementor-button-text\">H\u00e1blenos de sus necesidades de personal<\/span>\n\t\t\t\t\t<\/span>\n\t\t\t\t\t<\/a>\n\t\t\t\t<\/div>\n\t\t\t\t\t\t\t\t<\/div>\n\t\t\t\t<\/div>\n\t\t\t\t\t<\/div>\n\t\t<\/div>\n\t\t\t\t\t<\/div>\n\t\t<\/section>\n\t\t\t\t<section class=\"elementor-section elementor-top-section elementor-element elementor-element-a1c1906 elementor-section-boxed elementor-section-height-default elementor-section-height-default\" data-id=\"a1c1906\" data-element_type=\"section\">\n\t\t\t\t\t\t<div class=\"elementor-container elementor-column-gap-default\">\n\t\t\t\t\t<div class=\"elementor-column elementor-col-50 elementor-top-column elementor-element elementor-element-c4c8f90\" data-id=\"c4c8f90\" data-element_type=\"column\">\n\t\t\t<div class=\"elementor-widget-wrap elementor-element-populated\">\n\t\t\t\t\t\t<div class=\"elementor-element elementor-element-51ee426 elementor-widget elementor-widget-image\" data-id=\"51ee426\" data-element_type=\"widget\" data-widget_type=\"image.default\">\n\t\t\t\t<div class=\"elementor-widget-container\">\n\t\t\t\t\t\t\t\t\t\t\t\t\t\t\t<img loading=\"lazy\" decoding=\"async\" loading=\"lazy\" width=\"1024\" height=\"576\" src=\"https:\/\/i0.wp.com\/aofimmigrationcanada.com\/wp-content\/uploads\/2023\/05\/aof-Maxi-partnership-may4-EN-scaled.jpg?fit=1024%2C576&amp;ssl=1\" class=\"attachment-large size-large wp-image-7476\" alt=\"\" srcset=\"https:\/\/i0.wp.com\/aofimmigrationcanada.com\/wp-content\/uploads\/2023\/05\/aof-Maxi-partnership-may4-EN-scaled.jpg?w=2560&amp;ssl=1 2560w, https:\/\/i0.wp.com\/aofimmigrationcanada.com\/wp-content\/uploads\/2023\/05\/aof-Maxi-partnership-may4-EN-scaled.jpg?resize=300%2C169&amp;ssl=1 300w, https:\/\/i0.wp.com\/aofimmigrationcanada.com\/wp-content\/uploads\/2023\/05\/aof-Maxi-partnership-may4-EN-scaled.jpg?resize=1024%2C576&amp;ssl=1 1024w, https:\/\/i0.wp.com\/aofimmigrationcanada.com\/wp-content\/uploads\/2023\/05\/aof-Maxi-partnership-may4-EN-scaled.jpg?resize=768%2C432&amp;ssl=1 768w, https:\/\/i0.wp.com\/aofimmigrationcanada.com\/wp-content\/uploads\/2023\/05\/aof-Maxi-partnership-may4-EN-scaled.jpg?resize=1536%2C864&amp;ssl=1 1536w, https:\/\/i0.wp.com\/aofimmigrationcanada.com\/wp-content\/uploads\/2023\/05\/aof-Maxi-partnership-may4-EN-scaled.jpg?resize=2048%2C1152&amp;ssl=1 2048w, https:\/\/i0.wp.com\/aofimmigrationcanada.com\/wp-content\/uploads\/2023\/05\/aof-Maxi-partnership-may4-EN-scaled.jpg?resize=600%2C338&amp;ssl=1 600w, https:\/\/i0.wp.com\/aofimmigrationcanada.com\/wp-content\/uploads\/2023\/05\/aof-Maxi-partnership-may4-EN-scaled.jpg?w=2400&amp;ssl=1 2400w\" sizes=\"auto, (max-width: 1024px) 100vw, 1024px\" \/>\t\t\t\t\t\t\t\t\t\t\t\t\t\t\t<\/div>\n\t\t\t\t<\/div>\n\t\t\t\t\t<\/div>\n\t\t<\/div>\n\t\t\t\t<div class=\"elementor-column elementor-col-50 elementor-top-column elementor-element elementor-element-0f059f3\" data-id=\"0f059f3\" data-element_type=\"column\">\n\t\t\t<div class=\"elementor-widget-wrap elementor-element-populated\">\n\t\t\t\t\t\t<div class=\"elementor-element elementor-element-7f79bc4 elementor-widget elementor-widget-image\" data-id=\"7f79bc4\" data-element_type=\"widget\" data-widget_type=\"image.default\">\n\t\t\t\t<div class=\"elementor-widget-container\">\n\t\t\t\t\t\t\t\t\t\t\t\t\t\t\t<img loading=\"lazy\" decoding=\"async\" loading=\"lazy\" width=\"1024\" height=\"576\" src=\"https:\/\/i0.wp.com\/aofimmigrationcanada.com\/wp-content\/uploads\/2023\/05\/clients-employer-welcome-may4-2023-EN-1.jpg?fit=1024%2C576&amp;ssl=1\" class=\"attachment-large size-large wp-image-7475\" alt=\"\" srcset=\"https:\/\/i0.wp.com\/aofimmigrationcanada.com\/wp-content\/uploads\/2023\/05\/clients-employer-welcome-may4-2023-EN-1.jpg?w=1200&amp;ssl=1 1200w, https:\/\/i0.wp.com\/aofimmigrationcanada.com\/wp-content\/uploads\/2023\/05\/clients-employer-welcome-may4-2023-EN-1.jpg?resize=300%2C169&amp;ssl=1 300w, https:\/\/i0.wp.com\/aofimmigrationcanada.com\/wp-content\/uploads\/2023\/05\/clients-employer-welcome-may4-2023-EN-1.jpg?resize=1024%2C576&amp;ssl=1 1024w, https:\/\/i0.wp.com\/aofimmigrationcanada.com\/wp-content\/uploads\/2023\/05\/clients-employer-welcome-may4-2023-EN-1.jpg?resize=768%2C432&amp;ssl=1 768w, https:\/\/i0.wp.com\/aofimmigrationcanada.com\/wp-content\/uploads\/2023\/05\/clients-employer-welcome-may4-2023-EN-1.jpg?resize=600%2C338&amp;ssl=1 600w\" sizes=\"auto, (max-width: 1024px) 100vw, 1024px\" \/>\t\t\t\t\t\t\t\t\t\t\t\t\t\t\t<\/div>\n\t\t\t\t<\/div>\n\t\t\t\t\t<\/div>\n\t\t<\/div>\n\t\t\t\t\t<\/div>\n\t\t<\/section>\n\t\t\t\t<section class=\"elementor-section elementor-top-section elementor-element elementor-element-eec0c6b elementor-section-boxed elementor-section-height-default elementor-section-height-default\" data-id=\"eec0c6b\" data-element_type=\"section\">\n\t\t\t\t\t\t<div class=\"elementor-container elementor-column-gap-default\">\n\t\t\t\t\t<div class=\"elementor-column elementor-col-100 elementor-top-column elementor-element elementor-element-c4907a2\" data-id=\"c4907a2\" data-element_type=\"column\">\n\t\t\t<div class=\"elementor-widget-wrap elementor-element-populated\">\n\t\t\t\t\t\t<div class=\"elementor-element elementor-element-0e02cda elementor-widget elementor-widget-text-editor\" data-id=\"0e02cda\" data-element_type=\"widget\" data-widget_type=\"text-editor.default\">\n\t\t\t\t<div class=\"elementor-widget-container\">\n\t\t\t\t\t\t\t\t\t<p>Gracias a nuestro socio comercial Maxi.<br \/>Nuestro cliente de Burkina Faso se ha incorporado al equipo de Maxi, en el marco del Programa de Inmigraci\u00f3n de Trabajadores Extranjeros Temporales.<\/p><p>Estamos encantados con nuestro logro y esperamos la llegada de varios candidatos m\u00e1s para reforzar su equipo a trav\u00e9s de nuestra asociaci\u00f3n.<\/p>\t\t\t\t\t\t\t\t<\/div>\n\t\t\t\t<\/div>\n\t\t\t\t\t<\/div>\n\t\t<\/div>\n\t\t\t\t\t<\/div>\n\t\t<\/section>\n\t\t\t\t<section class=\"elementor-section elementor-top-section elementor-element elementor-element-6aa047f elementor-section-boxed elementor-section-height-default elementor-section-height-default\" data-id=\"6aa047f\" data-element_type=\"section\">\n\t\t\t\t\t\t<div class=\"elementor-container elementor-column-gap-default\">\n\t\t\t\t\t<div class=\"elementor-column elementor-col-100 elementor-top-column elementor-element elementor-element-d4e6d18\" data-id=\"d4e6d18\" data-element_type=\"column\">\n\t\t\t<div class=\"elementor-widget-wrap elementor-element-populated\">\n\t\t\t\t\t\t<div class=\"elementor-element elementor-element-5223bda elementor-widget elementor-widget-image\" data-id=\"5223bda\" data-element_type=\"widget\" data-widget_type=\"image.default\">\n\t\t\t\t<div class=\"elementor-widget-container\">\n\t\t\t\t\t\t\t\t\t\t\t\t\t\t\t<img loading=\"lazy\" decoding=\"async\" loading=\"lazy\" width=\"1024\" height=\"576\" src=\"https:\/\/i0.wp.com\/aofimmigrationcanada.com\/wp-content\/uploads\/2023\/04\/aof-Maxi-partnership-April2023-fr-scaled.jpg?fit=1024%2C576&amp;ssl=1\" class=\"attachment-large size-large wp-image-7188\" alt=\"\" srcset=\"https:\/\/i0.wp.com\/aofimmigrationcanada.com\/wp-content\/uploads\/2023\/04\/aof-Maxi-partnership-April2023-fr-scaled.jpg?w=2560&amp;ssl=1 2560w, https:\/\/i0.wp.com\/aofimmigrationcanada.com\/wp-content\/uploads\/2023\/04\/aof-Maxi-partnership-April2023-fr-scaled.jpg?resize=300%2C169&amp;ssl=1 300w, https:\/\/i0.wp.com\/aofimmigrationcanada.com\/wp-content\/uploads\/2023\/04\/aof-Maxi-partnership-April2023-fr-scaled.jpg?resize=1024%2C576&amp;ssl=1 1024w, https:\/\/i0.wp.com\/aofimmigrationcanada.com\/wp-content\/uploads\/2023\/04\/aof-Maxi-partnership-April2023-fr-scaled.jpg?resize=768%2C432&amp;ssl=1 768w, https:\/\/i0.wp.com\/aofimmigrationcanada.com\/wp-content\/uploads\/2023\/04\/aof-Maxi-partnership-April2023-fr-scaled.jpg?resize=1536%2C864&amp;ssl=1 1536w, https:\/\/i0.wp.com\/aofimmigrationcanada.com\/wp-content\/uploads\/2023\/04\/aof-Maxi-partnership-April2023-fr-scaled.jpg?resize=2048%2C1152&amp;ssl=1 2048w, https:\/\/i0.wp.com\/aofimmigrationcanada.com\/wp-content\/uploads\/2023\/04\/aof-Maxi-partnership-April2023-fr-scaled.jpg?resize=600%2C338&amp;ssl=1 600w, https:\/\/i0.wp.com\/aofimmigrationcanada.com\/wp-content\/uploads\/2023\/04\/aof-Maxi-partnership-April2023-fr-scaled.jpg?w=2400&amp;ssl=1 2400w\" sizes=\"auto, (max-width: 1024px) 100vw, 1024px\" \/>\t\t\t\t\t\t\t\t\t\t\t\t\t\t\t<\/div>\n\t\t\t\t<\/div>\n\t\t\t\t<div class=\"elementor-element elementor-element-ae02e17 elementor-widget elementor-widget-text-editor\" data-id=\"ae02e17\" data-element_type=\"widget\" data-widget_type=\"text-editor.default\">\n\t\t\t\t<div class=\"elementor-widget-container\">\n\t\t\t\t\t\t\t\t\t<p>Un cliente m\u00e1s llega a Canad\u00e1 con un permiso de trabajo para trabajar en Maxi. Le deseamos mucho \u00e9xito y una buena vida en Canad\u00e1.<\/p>\n\t\t\t\t\t\t\t\t<\/div>\n\t\t\t\t<\/div>\n\t\t\t\t\t<\/div>\n\t\t<\/div>\n\t\t\t\t\t<\/div>\n\t\t<\/section>\n\t\t\t\t<section class=\"elementor-section elementor-top-section elementor-element elementor-element-dd2f0ba elementor-section-boxed elementor-section-height-default elementor-section-height-default\" data-id=\"dd2f0ba\" data-element_type=\"section\">\n\t\t\t\t\t\t<div class=\"elementor-container elementor-column-gap-default\">\n\t\t\t\t\t<div class=\"elementor-column elementor-col-100 elementor-top-column elementor-element elementor-element-105b26f\" data-id=\"105b26f\" data-element_type=\"column\">\n\t\t\t<div class=\"elementor-widget-wrap elementor-element-populated\">\n\t\t\t\t\t\t<div class=\"elementor-element elementor-element-af34f6c elementor-widget elementor-widget-image\" data-id=\"af34f6c\" data-element_type=\"widget\" data-widget_type=\"image.default\">\n\t\t\t\t<div class=\"elementor-widget-container\">\n\t\t\t\t\t\t\t\t\t\t\t\t\t\t\t<img loading=\"lazy\" decoding=\"async\" loading=\"lazy\" width=\"1024\" height=\"576\" src=\"https:\/\/i0.wp.com\/aofimmigrationcanada.com\/wp-content\/uploads\/2023\/04\/aof-tim-hortons-partnership-April2023-scaled.jpg?fit=1024%2C576&amp;ssl=1\" class=\"attachment-large size-large wp-image-7145\" alt=\"\" srcset=\"https:\/\/i0.wp.com\/aofimmigrationcanada.com\/wp-content\/uploads\/2023\/04\/aof-tim-hortons-partnership-April2023-scaled.jpg?w=2560&amp;ssl=1 2560w, https:\/\/i0.wp.com\/aofimmigrationcanada.com\/wp-content\/uploads\/2023\/04\/aof-tim-hortons-partnership-April2023-scaled.jpg?resize=300%2C169&amp;ssl=1 300w, https:\/\/i0.wp.com\/aofimmigrationcanada.com\/wp-content\/uploads\/2023\/04\/aof-tim-hortons-partnership-April2023-scaled.jpg?resize=1024%2C576&amp;ssl=1 1024w, https:\/\/i0.wp.com\/aofimmigrationcanada.com\/wp-content\/uploads\/2023\/04\/aof-tim-hortons-partnership-April2023-scaled.jpg?resize=768%2C432&amp;ssl=1 768w, https:\/\/i0.wp.com\/aofimmigrationcanada.com\/wp-content\/uploads\/2023\/04\/aof-tim-hortons-partnership-April2023-scaled.jpg?resize=1536%2C864&amp;ssl=1 1536w, https:\/\/i0.wp.com\/aofimmigrationcanada.com\/wp-content\/uploads\/2023\/04\/aof-tim-hortons-partnership-April2023-scaled.jpg?resize=2048%2C1152&amp;ssl=1 2048w, https:\/\/i0.wp.com\/aofimmigrationcanada.com\/wp-content\/uploads\/2023\/04\/aof-tim-hortons-partnership-April2023-scaled.jpg?resize=600%2C338&amp;ssl=1 600w, https:\/\/i0.wp.com\/aofimmigrationcanada.com\/wp-content\/uploads\/2023\/04\/aof-tim-hortons-partnership-April2023-scaled.jpg?w=2400&amp;ssl=1 2400w\" sizes=\"auto, (max-width: 1024px) 100vw, 1024px\" \/>\t\t\t\t\t\t\t\t\t\t\t\t\t\t\t<\/div>\n\t\t\t\t<\/div>\n\t\t\t\t<div class=\"elementor-element elementor-element-869a5c7 elementor-widget elementor-widget-text-editor\" data-id=\"869a5c7\" data-element_type=\"widget\" data-widget_type=\"text-editor.default\">\n\t\t\t\t<div class=\"elementor-widget-container\">\n\t\t\t\t\t\t\t\t\t<p>Un cliente m\u00e1s llega a Canad\u00e1 desde Togo con un permiso de trabajo para trabajar en Tim Hortons. Le deseamos mucho \u00e9xito y una buena vida en Canad\u00e1.<\/p>\n\t\t\t\t\t\t\t\t<\/div>\n\t\t\t\t<\/div>\n\t\t\t\t\t<\/div>\n\t\t<\/div>\n\t\t\t\t\t<\/div>\n\t\t<\/section>\n\t\t\t\t<section class=\"elementor-section elementor-top-section elementor-element elementor-element-c577b3f elementor-section-boxed elementor-section-height-default elementor-section-height-default\" data-id=\"c577b3f\" data-element_type=\"section\">\n\t\t\t\t\t\t<div class=\"elementor-container elementor-column-gap-default\">\n\t\t\t\t\t<div class=\"elementor-column elementor-col-100 elementor-top-column elementor-element elementor-element-5e5cfd9\" data-id=\"5e5cfd9\" data-element_type=\"column\">\n\t\t\t<div class=\"elementor-widget-wrap elementor-element-populated\">\n\t\t\t\t\t\t<div class=\"elementor-element elementor-element-1fd4c50 elementor-widget elementor-widget-image\" data-id=\"1fd4c50\" data-element_type=\"widget\" data-widget_type=\"image.default\">\n\t\t\t\t<div class=\"elementor-widget-container\">\n\t\t\t\t\t\t\t\t\t\t\t\t\t\t\t<img loading=\"lazy\" decoding=\"async\" loading=\"lazy\" width=\"1024\" height=\"576\" src=\"https:\/\/i0.wp.com\/aofimmigrationcanada.com\/wp-content\/uploads\/2023\/04\/clients-success-stories-tim-hortons-fr.jpg?fit=1024%2C576&amp;ssl=1\" class=\"attachment-large size-large wp-image-7202\" alt=\"\" srcset=\"https:\/\/i0.wp.com\/aofimmigrationcanada.com\/wp-content\/uploads\/2023\/04\/clients-success-stories-tim-hortons-fr.jpg?w=1200&amp;ssl=1 1200w, https:\/\/i0.wp.com\/aofimmigrationcanada.com\/wp-content\/uploads\/2023\/04\/clients-success-stories-tim-hortons-fr.jpg?resize=300%2C169&amp;ssl=1 300w, https:\/\/i0.wp.com\/aofimmigrationcanada.com\/wp-content\/uploads\/2023\/04\/clients-success-stories-tim-hortons-fr.jpg?resize=1024%2C576&amp;ssl=1 1024w, https:\/\/i0.wp.com\/aofimmigrationcanada.com\/wp-content\/uploads\/2023\/04\/clients-success-stories-tim-hortons-fr.jpg?resize=768%2C432&amp;ssl=1 768w, https:\/\/i0.wp.com\/aofimmigrationcanada.com\/wp-content\/uploads\/2023\/04\/clients-success-stories-tim-hortons-fr.jpg?resize=600%2C338&amp;ssl=1 600w\" sizes=\"auto, (max-width: 1024px) 100vw, 1024px\" \/>\t\t\t\t\t\t\t\t\t\t\t\t\t\t\t<\/div>\n\t\t\t\t<\/div>\n\t\t\t\t<div class=\"elementor-element elementor-element-84ea818 elementor-widget elementor-widget-text-editor\" data-id=\"84ea818\" data-element_type=\"widget\" data-widget_type=\"text-editor.default\">\n\t\t\t\t<div class=\"elementor-widget-container\">\n\t\t\t\t\t\t\t\t\t<p>Un cliente m\u00e1s llega a Canad\u00e1 con un permiso de trabajo para trabajar en Tim Hortons. Le deseamos mucho \u00e9xito y una buena vida en Canad\u00e1.<\/p>\n\t\t\t\t\t\t\t\t<\/div>\n\t\t\t\t<\/div>\n\t\t\t\t\t<\/div>\n\t\t<\/div>\n\t\t\t\t\t<\/div>\n\t\t<\/section>\n\t\t\t\t<\/div>\n\t\t","protected":false},"excerpt":{"rendered":"<p>AOF y Empresarios Para todas las necesidades de mano de obra extranjera ComentariosAOF con los empresarios nuestras experiencias con los empresarios que conf\u00edan en nosotros son positivas https:\/\/aofimmigrationcanada.com\/wp-content\/uploads\/2022\/12\/employers-videos-timhortons.mp4 H\u00e1blenos de sus necesidades de personal Gracias a nuestro socio comercial Maxi.Nuestro cliente de Burkina Faso se ha incorporado al equipo de Maxi, en el marco del [&hellip;]<\/p>\n","protected":false},"author":1,"featured_media":0,"parent":0,"menu_order":0,"comment_status":"closed","ping_status":"closed","template":"elementor_header_footer","meta":{"nf_dc_page":"","om_disable_all_campaigns":false,"_uag_custom_page_level_css":"","_monsterinsights_skip_tracking":false,"_monsterinsights_sitenote_active":false,"_monsterinsights_sitenote_note":"","_monsterinsights_sitenote_category":0,"site-sidebar-layout":"default","site-content-layout":"","ast-site-content-layout":"default","site-content-style":"default","site-sidebar-style":"default","ast-global-header-display":"","ast-banner-title-visibility":"","ast-main-header-display":"","ast-hfb-above-header-display":"","ast-hfb-below-header-display":"","ast-hfb-mobile-header-display":"","site-post-title":"","ast-breadcrumbs-content":"","ast-featured-img":"","footer-sml-layout":"","ast-disable-related-posts":"","theme-transparent-header-meta":"","adv-header-id-meta":"","stick-header-meta":"","header-above-stick-meta":"","header-main-stick-meta":"","header-below-stick-meta":"","astra-migrate-meta-layouts":"default","ast-page-background-enabled":"default","ast-page-background-meta":{"desktop":{"background-color":"","background-image":"","background-repeat":"repeat","background-position":"center center","background-size":"auto","background-attachment":"scroll","background-type":"","background-media":"","overlay-type":"","overlay-color":"","overlay-opacity":"","overlay-gradient":""},"tablet":{"background-color":"","background-image":"","background-repeat":"repeat","background-position":"center center","background-size":"auto","background-attachment":"scroll","background-type":"","background-media":"","overlay-type":"","overlay-color":"","overlay-opacity":"","overlay-gradient":""},"mobile":{"background-color":"","background-image":"","background-repeat":"repeat","background-position":"center center","background-size":"auto","background-attachment":"scroll","background-type":"","background-media":"","overlay-type":"","overlay-color":"","overlay-opacity":"","overlay-gradient":""}},"ast-content-background-meta":{"desktop":{"background-color":"var(--ast-global-color-5)","background-image":"","background-repeat":"repeat","background-position":"center center","background-size":"auto","background-attachment":"scroll","background-type":"","background-media":"","overlay-type":"","overlay-color":"","overlay-opacity":"","overlay-gradient":""},"tablet":{"background-color":"var(--ast-global-color-5)","background-image":"","background-repeat":"repeat","background-position":"center center","background-size":"auto","background-attachment":"scroll","background-type":"","background-media":"","overlay-type":"","overlay-color":"","overlay-opacity":"","overlay-gradient":""},"mobile":{"background-color":"var(--ast-global-color-5)","background-image":"","background-repeat":"repeat","background-position":"center center","background-size":"auto","background-attachment":"scroll","background-type":"","background-media":"","overlay-type":"","overlay-color":"","overlay-opacity":"","overlay-gradient":""}},"footnotes":""},"class_list":["post-6618","page","type-page","status-publish","hentry"],"aioseo_notices":[],"uagb_featured_image_src":{"full":false,"thumbnail":false,"medium":false,"medium_large":false,"large":false,"1536x1536":false,"2048x2048":false,"woocommerce_thumbnail":false,"woocommerce_single":false,"woocommerce_gallery_thumbnail":false},"uagb_author_info":{"display_name":"aof.immigration.canada","author_link":"https:\/\/aofimmigrationcanada.com\/es\/author\/aof-immigration-canada\/"},"uagb_comment_info":0,"uagb_excerpt":"AOF y Empresarios Para todas las necesidades de mano de obra extranjera ComentariosAOF con los empresarios nuestras experiencias con los empresarios que conf\u00edan en nosotros son positivas https:\/\/aofimmigrationcanada.com\/wp-content\/uploads\/2022\/12\/employers-videos-timhortons.mp4 H\u00e1blenos de sus necesidades de personal Gracias a nuestro socio comercial Maxi.Nuestro cliente de Burkina Faso se ha incorporado al equipo de Maxi, en el marco del&hellip;","jetpack_sharing_enabled":true,"_links":{"self":[{"href":"https:\/\/aofimmigrationcanada.com\/es\/wp-json\/wp\/v2\/pages\/6618","targetHints":{"allow":["GET"]}}],"collection":[{"href":"https:\/\/aofimmigrationcanada.com\/es\/wp-json\/wp\/v2\/pages"}],"about":[{"href":"https:\/\/aofimmigrationcanada.com\/es\/wp-json\/wp\/v2\/types\/page"}],"author":[{"embeddable":true,"href":"https:\/\/aofimmigrationcanada.com\/es\/wp-json\/wp\/v2\/users\/1"}],"replies":[{"embeddable":true,"href":"https:\/\/aofimmigrationcanada.com\/es\/wp-json\/wp\/v2\/comments?post=6618"}],"version-history":[{"count":5,"href":"https:\/\/aofimmigrationcanada.com\/es\/wp-json\/wp\/v2\/pages\/6618\/revisions"}],"predecessor-version":[{"id":7481,"href":"https:\/\/aofimmigrationcanada.com\/es\/wp-json\/wp\/v2\/pages\/6618\/revisions\/7481"}],"wp:attachment":[{"href":"https:\/\/aofimmigrationcanada.com\/es\/wp-json\/wp\/v2\/media?parent=6618"}],"curies":[{"name":"wp","href":"https:\/\/api.w.org\/{rel}","templated":true}]}}