{"id":6584,"date":"2018-10-09T09:17:03","date_gmt":"2018-10-09T13:17:03","guid":{"rendered":"https:\/\/aofimmigrationcanada.com\/servicios\/"},"modified":"2023-01-10T16:22:01","modified_gmt":"2023-01-10T21:22:01","slug":"servicios","status":"publish","type":"page","link":"https:\/\/aofimmigrationcanada.com\/es\/servicios\/","title":{"rendered":"Servicios"},"content":{"rendered":"\t\t<div data-elementor-type=\"wp-post\" data-elementor-id=\"6584\" class=\"elementor elementor-6584 elementor-2391\">\n\t\t\t\t\t\t<section class=\"elementor-section elementor-top-section elementor-element elementor-element-5d3f2d0d elementor-section-boxed elementor-section-height-default elementor-section-height-default\" data-id=\"5d3f2d0d\" data-element_type=\"section\" data-settings=\"{&quot;background_background&quot;:&quot;classic&quot;}\">\n\t\t\t\t\t\t\t<div class=\"elementor-background-overlay\"><\/div>\n\t\t\t\t\t\t\t<div class=\"elementor-container elementor-column-gap-no\">\n\t\t\t\t\t<div class=\"elementor-column elementor-col-100 elementor-top-column elementor-element elementor-element-192a857d\" data-id=\"192a857d\" data-element_type=\"column\">\n\t\t\t<div class=\"elementor-widget-wrap elementor-element-populated\">\n\t\t\t\t\t\t<div class=\"elementor-element elementor-element-62d4eab6 elementor-widget elementor-widget-heading\" data-id=\"62d4eab6\" data-element_type=\"widget\" data-widget_type=\"heading.default\">\n\t\t\t\t<div class=\"elementor-widget-container\">\n\t\t\t\t\t<h1 class=\"elementor-heading-title elementor-size-default\">Descubra <\/h1>\t\t\t\t<\/div>\n\t\t\t\t<\/div>\n\t\t\t\t<div class=\"elementor-element elementor-element-ddaea19 elementor-widget elementor-widget-heading\" data-id=\"ddaea19\" data-element_type=\"widget\" data-widget_type=\"heading.default\">\n\t\t\t\t<div class=\"elementor-widget-container\">\n\t\t\t\t\t<h1 class=\"elementor-heading-title elementor-size-default\">Nuestros servicios<\/h1>\t\t\t\t<\/div>\n\t\t\t\t<\/div>\n\t\t\t\t\t<\/div>\n\t\t<\/div>\n\t\t\t\t\t<\/div>\n\t\t<\/section>\n\t\t\t\t<section class=\"elementor-section elementor-top-section elementor-element elementor-element-bv17ccg elementor-section-boxed elementor-section-height-default elementor-section-height-default\" data-id=\"bv17ccg\" data-element_type=\"section\">\n\t\t\t\t\t\t<div class=\"elementor-container elementor-column-gap-no\">\n\t\t\t\t\t<div class=\"elementor-column elementor-col-100 elementor-top-column elementor-element elementor-element-17a7be6\" data-id=\"17a7be6\" data-element_type=\"column\">\n\t\t\t<div class=\"elementor-widget-wrap elementor-element-populated\">\n\t\t\t\t\t\t<div class=\"elementor-element elementor-element-31ebd81 elementor-widget elementor-widget-heading\" data-id=\"31ebd81\" data-element_type=\"widget\" data-widget_type=\"heading.default\">\n\t\t\t\t<div class=\"elementor-widget-container\">\n\t\t\t\t\t<h1 class=\"elementor-heading-title elementor-size-default\">Servicios de inmigraci\u00f3n<\/h1>\t\t\t\t<\/div>\n\t\t\t\t<\/div>\n\t\t\t\t<div class=\"elementor-element elementor-element-a8a5b11 elementor-widget elementor-widget-text-editor\" data-id=\"a8a5b11\" data-element_type=\"widget\" data-widget_type=\"text-editor.default\">\n\t\t\t\t<div class=\"elementor-widget-container\">\n\t\t\t\t\t\t\t\t\t<p>Como su representante, le guiaremos en la elecci\u00f3n de sus opciones de inmigraci\u00f3n o ciudadan\u00eda, el mejor programa de inmigraci\u00f3n para usted, tramitaremos y presentaremos su solicitud de inmigraci\u00f3n o ciudadan\u00eda y nos comunicaremos con el Gobierno de Canad\u00e1 en su nombre.<\/p>\n\t\t\t\t\t\t\t\t<\/div>\n\t\t\t\t<\/div>\n\t\t\t\t<div class=\"elementor-element elementor-element-451afcb elementor-widget elementor-widget-text-editor\" data-id=\"451afcb\" data-element_type=\"widget\" data-widget_type=\"text-editor.default\">\n\t\t\t\t<div class=\"elementor-widget-container\">\n\t\t\t\t\t\t\t\t\t<p><em>Haga clic en cada casilla para visitar la p\u00e1gina de cada categor\u00eda.<\/em><\/p>\n\t\t\t\t\t\t\t\t<\/div>\n\t\t\t\t<\/div>\n\t\t\t\t<section class=\"elementor-section elementor-inner-section elementor-element elementor-element-f346aa8 elementor-section-boxed elementor-section-height-default elementor-section-height-default\" data-id=\"f346aa8\" data-element_type=\"section\">\n\t\t\t\t\t\t<div class=\"elementor-container elementor-column-gap-default\">\n\t\t\t\t\t<div class=\"elementor-column elementor-col-33 elementor-inner-column elementor-element elementor-element-8d4fa70\" data-id=\"8d4fa70\" data-element_type=\"column\">\n\t\t\t<div class=\"elementor-widget-wrap elementor-element-populated\">\n\t\t\t\t\t\t<div class=\"elementor-element elementor-element-7378384 elementor-position-top elementor-widget elementor-widget-image-box\" data-id=\"7378384\" data-element_type=\"widget\" data-widget_type=\"image-box.default\">\n\t\t\t\t<div class=\"elementor-widget-container\">\n\t\t\t\t\t<div class=\"elementor-image-box-wrapper\"><figure class=\"elementor-image-box-img\"><a href=\"https:\/\/aofimmigrationcanada.com\/es\/servicios\/permiso-de-trabajo\/\" tabindex=\"-1\"><img loading=\"lazy\" decoding=\"async\" loading=\"lazy\" width=\"48\" height=\"48\" src=\"https:\/\/i0.wp.com\/aofimmigrationcanada.com\/wp-content\/uploads\/2021\/08\/immigration-consultant-icon-5.png?fit=48%2C48&amp;ssl=1\" class=\"attachment-full size-full wp-image-6314\" alt=\"\" \/><\/a><\/figure><div class=\"elementor-image-box-content\"><h3 class=\"elementor-image-box-title\"><a href=\"https:\/\/aofimmigrationcanada.com\/es\/servicios\/permiso-de-trabajo\/\">Programa para los trabajadores<\/a><\/h3><p class=\"elementor-image-box-description\">Inmigrar como trabajador extranjero.<\/p><\/div><\/div>\t\t\t\t<\/div>\n\t\t\t\t<\/div>\n\t\t\t\t<div class=\"elementor-element elementor-element-6332097 elementor-position-top elementor-widget elementor-widget-image-box\" data-id=\"6332097\" data-element_type=\"widget\" data-widget_type=\"image-box.default\">\n\t\t\t\t<div class=\"elementor-widget-container\">\n\t\t\t\t\t<div class=\"elementor-image-box-wrapper\"><figure class=\"elementor-image-box-img\"><a href=\"https:\/\/aofimmigrationcanada.com\/es\/servicios\/ciudadania-canadiense\/\" tabindex=\"-1\"><img loading=\"lazy\" decoding=\"async\" loading=\"lazy\" width=\"48\" height=\"48\" src=\"https:\/\/i0.wp.com\/aofimmigrationcanada.com\/wp-content\/uploads\/2021\/08\/immigration-consultant-icon-12.png?fit=48%2C48&amp;ssl=1\" class=\"attachment-full size-full wp-image-6319\" alt=\"\" \/><\/a><\/figure><div class=\"elementor-image-box-content\"><h3 class=\"elementor-image-box-title\"><a href=\"https:\/\/aofimmigrationcanada.com\/es\/servicios\/ciudadania-canadiense\/\">Ciudadan\u00eda <\/a><\/h3><p class=\"elementor-image-box-description\">Le apoyamos en su solicitud de nacionalidad <\/p><\/div><\/div>\t\t\t\t<\/div>\n\t\t\t\t<\/div>\n\t\t\t\t<div class=\"elementor-element elementor-element-f648641 elementor-position-top elementor-widget elementor-widget-image-box\" data-id=\"f648641\" data-element_type=\"widget\" data-widget_type=\"image-box.default\">\n\t\t\t\t<div class=\"elementor-widget-container\">\n\t\t\t\t\t<div class=\"elementor-image-box-wrapper\"><figure class=\"elementor-image-box-img\"><a href=\"https:\/\/aofimmigrationcanada.com\/es\/servicios\/permiso-de-estudio\/\" tabindex=\"-1\"><img loading=\"lazy\" decoding=\"async\" loading=\"lazy\" width=\"48\" height=\"48\" src=\"https:\/\/i0.wp.com\/aofimmigrationcanada.com\/wp-content\/uploads\/2021\/08\/immigration-consultant-icon-3.png?fit=48%2C48&amp;ssl=1\" class=\"attachment-full size-full wp-image-6312\" alt=\"\" \/><\/a><\/figure><div class=\"elementor-image-box-content\"><h3 class=\"elementor-image-box-title\"><a href=\"https:\/\/aofimmigrationcanada.com\/es\/servicios\/permiso-de-estudio\/\">Estudiantes<\/a><\/h3><p class=\"elementor-image-box-description\">Inmigrar para cursar estudios en Canad\u00e1.<\/p><\/div><\/div>\t\t\t\t<\/div>\n\t\t\t\t<\/div>\n\t\t\t\t\t<\/div>\n\t\t<\/div>\n\t\t\t\t<div class=\"elementor-column elementor-col-33 elementor-inner-column elementor-element elementor-element-92910b8\" data-id=\"92910b8\" data-element_type=\"column\">\n\t\t\t<div class=\"elementor-widget-wrap elementor-element-populated\">\n\t\t\t\t\t\t<div class=\"elementor-element elementor-element-492989e elementor-position-top elementor-widget elementor-widget-image-box\" data-id=\"492989e\" data-element_type=\"widget\" data-widget_type=\"image-box.default\">\n\t\t\t\t<div class=\"elementor-widget-container\">\n\t\t\t\t\t<div class=\"elementor-image-box-wrapper\"><figure class=\"elementor-image-box-img\"><a href=\"https:\/\/aofimmigrationcanada.com\/es\/servicios\/residencia-permanente\/\" tabindex=\"-1\"><img loading=\"lazy\" decoding=\"async\" loading=\"lazy\" width=\"48\" height=\"48\" src=\"https:\/\/i0.wp.com\/aofimmigrationcanada.com\/wp-content\/uploads\/2021\/08\/immigration-consultant-icon-9.png?fit=48%2C48&amp;ssl=1\" class=\"attachment-full size-full wp-image-6320\" alt=\"\" \/><\/a><\/figure><div class=\"elementor-image-box-content\"><h3 class=\"elementor-image-box-title\"><a href=\"https:\/\/aofimmigrationcanada.com\/es\/servicios\/residencia-permanente\/\">entrada expr\u00e9s <\/a><\/h3><p class=\"elementor-image-box-description\">Programa gubernamental tradicional que conduce directamente a la residencia permanente <\/p><\/div><\/div>\t\t\t\t<\/div>\n\t\t\t\t<\/div>\n\t\t\t\t<div class=\"elementor-element elementor-element-c813278 elementor-position-top elementor-widget elementor-widget-image-box\" data-id=\"c813278\" data-element_type=\"widget\" data-widget_type=\"image-box.default\">\n\t\t\t\t<div class=\"elementor-widget-container\">\n\t\t\t\t\t<div class=\"elementor-image-box-wrapper\"><figure class=\"elementor-image-box-img\"><a href=\"https:\/\/aofimmigrationcanada.com\/es\/servicios\/visitantes-visitantes\/\" tabindex=\"-1\"><img loading=\"lazy\" decoding=\"async\" loading=\"lazy\" width=\"48\" height=\"48\" src=\"https:\/\/i0.wp.com\/aofimmigrationcanada.com\/wp-content\/uploads\/2021\/08\/immigration-consultant-icon-10.png?fit=48%2C48&amp;ssl=1\" class=\"attachment-full size-full wp-image-6321\" alt=\"\" \/><\/a><\/figure><div class=\"elementor-image-box-content\"><h3 class=\"elementor-image-box-title\"><a href=\"https:\/\/aofimmigrationcanada.com\/es\/servicios\/visitantes-visitantes\/\">Visados para visitantes<\/a><\/h3><p class=\"elementor-image-box-description\">Visitar a un familiar en Canad\u00e1<\/p><\/div><\/div>\t\t\t\t<\/div>\n\t\t\t\t<\/div>\n\t\t\t\t<div class=\"elementor-element elementor-element-ecffbe3 elementor-position-top elementor-widget elementor-widget-image-box\" data-id=\"ecffbe3\" data-element_type=\"widget\" data-widget_type=\"image-box.default\">\n\t\t\t\t<div class=\"elementor-widget-container\">\n\t\t\t\t\t<div class=\"elementor-image-box-wrapper\"><figure class=\"elementor-image-box-img\"><a href=\"https:\/\/aofimmigrationcanada.com\/es\/servicios\/patrocinio\/\" tabindex=\"-1\"><img loading=\"lazy\" decoding=\"async\" loading=\"lazy\" width=\"48\" height=\"48\" src=\"https:\/\/i0.wp.com\/aofimmigrationcanada.com\/wp-content\/uploads\/2021\/08\/immigration-consultant-icon-8.png?fit=48%2C48&amp;ssl=1\" class=\"attachment-full size-full wp-image-6311\" alt=\"\" \/><\/a><\/figure><div class=\"elementor-image-box-content\"><h3 class=\"elementor-image-box-title\"><a href=\"https:\/\/aofimmigrationcanada.com\/es\/servicios\/patrocinio\/\">Reuni\u00f3n familiar<\/a><\/h3><p class=\"elementor-image-box-description\">Apadrinar a un familiar en Canad\u00e1 o desde el extranjero.<\/p><\/div><\/div>\t\t\t\t<\/div>\n\t\t\t\t<\/div>\n\t\t\t\t\t<\/div>\n\t\t<\/div>\n\t\t\t\t<div class=\"elementor-column elementor-col-33 elementor-inner-column elementor-element elementor-element-6befbd5\" data-id=\"6befbd5\" data-element_type=\"column\">\n\t\t\t<div class=\"elementor-widget-wrap elementor-element-populated\">\n\t\t\t\t\t\t<div class=\"elementor-element elementor-element-a91bab7 elementor-position-top elementor-widget elementor-widget-image-box\" data-id=\"a91bab7\" data-element_type=\"widget\" data-widget_type=\"image-box.default\">\n\t\t\t\t<div class=\"elementor-widget-container\">\n\t\t\t\t\t<div class=\"elementor-image-box-wrapper\"><figure class=\"elementor-image-box-img\"><a href=\"https:\/\/aofimmigrationcanada.com\/es\/servicios\/solicitud-de-asilo\/\" tabindex=\"-1\"><img loading=\"lazy\" decoding=\"async\" loading=\"lazy\" width=\"48\" height=\"48\" src=\"https:\/\/i0.wp.com\/aofimmigrationcanada.com\/wp-content\/uploads\/2021\/08\/immigration-consultant-icon-1.png?fit=48%2C48&amp;ssl=1\" class=\"attachment-full size-full wp-image-6317\" alt=\"\" \/><\/a><\/figure><div class=\"elementor-image-box-content\"><h3 class=\"elementor-image-box-title\"><a href=\"https:\/\/aofimmigrationcanada.com\/es\/servicios\/solicitud-de-asilo\/\">Solicitud de asilo <\/a><\/h3><p class=\"elementor-image-box-description\">Permanecer en Canad\u00e1 como refugiado.<\/p><\/div><\/div>\t\t\t\t<\/div>\n\t\t\t\t<\/div>\n\t\t\t\t<div class=\"elementor-element elementor-element-7f027ca elementor-position-top elementor-widget elementor-widget-image-box\" data-id=\"7f027ca\" data-element_type=\"widget\" data-widget_type=\"image-box.default\">\n\t\t\t\t<div class=\"elementor-widget-container\">\n\t\t\t\t\t<div class=\"elementor-image-box-wrapper\"><figure class=\"elementor-image-box-img\"><a href=\"https:\/\/aofimmigrationcanada.com\/es\/servicios\/inversores\/\" tabindex=\"-1\"><img loading=\"lazy\" decoding=\"async\" loading=\"lazy\" width=\"48\" height=\"48\" src=\"https:\/\/i0.wp.com\/aofimmigrationcanada.com\/wp-content\/uploads\/2021\/08\/immigration-consultant-icon-5.png?fit=48%2C48&amp;ssl=1\" class=\"attachment-full size-full wp-image-6314\" alt=\"\" \/><\/a><\/figure><div class=\"elementor-image-box-content\"><h3 class=\"elementor-image-box-title\"><a href=\"https:\/\/aofimmigrationcanada.com\/es\/servicios\/inversores\/\">Empresas<\/a><\/h3><p class=\"elementor-image-box-description\">Prestamos apoyo a las inversiones en Canad\u00e1.<\/p><\/div><\/div>\t\t\t\t<\/div>\n\t\t\t\t<\/div>\n\t\t\t\t<div class=\"elementor-element elementor-element-d4b2b43 elementor-position-top elementor-widget elementor-widget-image-box\" data-id=\"d4b2b43\" data-element_type=\"widget\" data-widget_type=\"image-box.default\">\n\t\t\t\t<div class=\"elementor-widget-container\">\n\t\t\t\t\t<div class=\"elementor-image-box-wrapper\"><figure class=\"elementor-image-box-img\"><a href=\"https:\/\/aofimmigrationcanada.com\/es\/servicios\/juramento\/\" tabindex=\"-1\"><img loading=\"lazy\" decoding=\"async\" loading=\"lazy\" width=\"48\" height=\"48\" src=\"https:\/\/i0.wp.com\/aofimmigrationcanada.com\/wp-content\/uploads\/2021\/08\/immigration-consultant-icon-4.png?fit=48%2C48&amp;ssl=1\" class=\"attachment-full size-full wp-image-6313\" alt=\"\" \/><\/a><\/figure><div class=\"elementor-image-box-content\"><h3 class=\"elementor-image-box-title\"><a href=\"https:\/\/aofimmigrationcanada.com\/es\/servicios\/juramento\/\">Juramento<\/a><\/h3><p class=\"elementor-image-box-description\">Podemos certificar la autenticidad de sus documentos de inmigraci\u00f3n.<\/p><\/div><\/div>\t\t\t\t<\/div>\n\t\t\t\t<\/div>\n\t\t\t\t\t<\/div>\n\t\t<\/div>\n\t\t\t\t\t<\/div>\n\t\t<\/section>\n\t\t\t\t\t<\/div>\n\t\t<\/div>\n\t\t\t\t\t<\/div>\n\t\t<\/section>\n\t\t\t\t<\/div>\n\t\t","protected":false},"excerpt":{"rendered":"<p>Descubra Nuestros servicios Servicios de inmigraci\u00f3n Como su representante, le guiaremos en la elecci\u00f3n de sus opciones de inmigraci\u00f3n o ciudadan\u00eda, el mejor programa de inmigraci\u00f3n para usted, tramitaremos y presentaremos su solicitud de inmigraci\u00f3n o ciudadan\u00eda y nos comunicaremos con el Gobierno de Canad\u00e1 en su nombre. Haga clic en cada casilla para visitar [&hellip;]<\/p>\n","protected":false},"author":1,"featured_media":0,"parent":0,"menu_order":0,"comment_status":"closed","ping_status":"closed","template":"","meta":{"nf_dc_page":"","om_disable_all_campaigns":false,"_uag_custom_page_level_css":"","_monsterinsights_skip_tracking":false,"_monsterinsights_sitenote_active":false,"_monsterinsights_sitenote_note":"","_monsterinsights_sitenote_category":0,"site-sidebar-layout":"no-sidebar","site-content-layout":"page-builder","ast-site-content-layout":"default","site-content-style":"default","site-sidebar-style":"default","ast-global-header-display":"","ast-banner-title-visibility":"","ast-main-header-display":"","ast-hfb-above-header-display":"","ast-hfb-below-header-display":"","ast-hfb-mobile-header-display":"","site-post-title":"disabled","ast-breadcrumbs-content":"","ast-featured-img":"disabled","footer-sml-layout":"","ast-disable-related-posts":"","theme-transparent-header-meta":"default","adv-header-id-meta":"","stick-header-meta":"","header-above-stick-meta":"","header-main-stick-meta":"","header-below-stick-meta":"","astra-migrate-meta-layouts":"default","ast-page-background-enabled":"default","ast-page-background-meta":{"desktop":{"background-color":"","background-image":"","background-repeat":"repeat","background-position":"center center","background-size":"auto","background-attachment":"scroll","background-type":"","background-media":"","overlay-type":"","overlay-color":"","overlay-opacity":"","overlay-gradient":""},"tablet":{"background-color":"","background-image":"","background-repeat":"repeat","background-position":"center center","background-size":"auto","background-attachment":"scroll","background-type":"","background-media":"","overlay-type":"","overlay-color":"","overlay-opacity":"","overlay-gradient":""},"mobile":{"background-color":"","background-image":"","background-repeat":"repeat","background-position":"center center","background-size":"auto","background-attachment":"scroll","background-type":"","background-media":"","overlay-type":"","overlay-color":"","overlay-opacity":"","overlay-gradient":""}},"ast-content-background-meta":{"desktop":{"background-color":"var(--ast-global-color-5)","background-image":"","background-repeat":"repeat","background-position":"center center","background-size":"auto","background-attachment":"scroll","background-type":"","background-media":"","overlay-type":"","overlay-color":"","overlay-opacity":"","overlay-gradient":""},"tablet":{"background-color":"var(--ast-global-color-5)","background-image":"","background-repeat":"repeat","background-position":"center center","background-size":"auto","background-attachment":"scroll","background-type":"","background-media":"","overlay-type":"","overlay-color":"","overlay-opacity":"","overlay-gradient":""},"mobile":{"background-color":"var(--ast-global-color-5)","background-image":"","background-repeat":"repeat","background-position":"center center","background-size":"auto","background-attachment":"scroll","background-type":"","background-media":"","overlay-type":"","overlay-color":"","overlay-opacity":"","overlay-gradient":""}},"footnotes":""},"class_list":["post-6584","page","type-page","status-publish","hentry"],"aioseo_notices":[],"uagb_featured_image_src":{"full":false,"thumbnail":false,"medium":false,"medium_large":false,"large":false,"1536x1536":false,"2048x2048":false,"woocommerce_thumbnail":false,"woocommerce_single":false,"woocommerce_gallery_thumbnail":false},"uagb_author_info":{"display_name":"aof.immigration.canada","author_link":"https:\/\/aofimmigrationcanada.com\/es\/author\/aof-immigration-canada\/"},"uagb_comment_info":0,"uagb_excerpt":"Descubra Nuestros servicios Servicios de inmigraci\u00f3n Como su representante, le guiaremos en la elecci\u00f3n de sus opciones de inmigraci\u00f3n o ciudadan\u00eda, el mejor programa de inmigraci\u00f3n para usted, tramitaremos y presentaremos su solicitud de inmigraci\u00f3n o ciudadan\u00eda y nos comunicaremos con el Gobierno de Canad\u00e1 en su nombre. Haga clic en cada casilla para visitar&hellip;","jetpack_sharing_enabled":true,"_links":{"self":[{"href":"https:\/\/aofimmigrationcanada.com\/es\/wp-json\/wp\/v2\/pages\/6584","targetHints":{"allow":["GET"]}}],"collection":[{"href":"https:\/\/aofimmigrationcanada.com\/es\/wp-json\/wp\/v2\/pages"}],"about":[{"href":"https:\/\/aofimmigrationcanada.com\/es\/wp-json\/wp\/v2\/types\/page"}],"author":[{"embeddable":true,"href":"https:\/\/aofimmigrationcanada.com\/es\/wp-json\/wp\/v2\/users\/1"}],"replies":[{"embeddable":true,"href":"https:\/\/aofimmigrationcanada.com\/es\/wp-json\/wp\/v2\/comments?post=6584"}],"version-history":[{"count":5,"href":"https:\/\/aofimmigrationcanada.com\/es\/wp-json\/wp\/v2\/pages\/6584\/revisions"}],"predecessor-version":[{"id":6933,"href":"https:\/\/aofimmigrationcanada.com\/es\/wp-json\/wp\/v2\/pages\/6584\/revisions\/6933"}],"wp:attachment":[{"href":"https:\/\/aofimmigrationcanada.com\/es\/wp-json\/wp\/v2\/media?parent=6584"}],"curies":[{"name":"wp","href":"https:\/\/api.w.org\/{rel}","templated":true}]}}